{"id":2775,"date":"2024-04-24T17:54:45","date_gmt":"2024-04-24T20:54:45","guid":{"rendered":"https:\/\/cambalache.coop.ar\/?page_id=2775"},"modified":"2025-04-25T11:01:27","modified_gmt":"2025-04-25T14:01:27","slug":"quienes-somos-old","status":"publish","type":"page","link":"https:\/\/cambalache.coop.ar\/en\/quienes-somos-old\/","title":{"rendered":"Por un mundo donde quepan todos los mundos 2"},"content":{"rendered":"<h2 class=\"wp-block-heading has-text-align-center\">WELCOME YOU TO CAMBALACHE<\/h2>\n\n\n\n<p class=\"has-text-align-center lead\">We are a team of professionals trained in geography and software development, who are organized in a democratic and participatory way with a reciprocal and common objective: to work and transform.<\/p>\n\n\n\n<p class=\"has-text-align-center lead\">Cambalache seeks to create bridges that connect people, sciences, projects and environments with each other, that shorten distances, that cooperate and contribute to balance; in order to develop ourselves humanly and professionally. Cambalache is Life, and it is (at the same time) like all life: A Cambalache!<\/p>\n\n\n\n<figure class=\"wp-block-embed is-type-video is-provider-youtube wp-block-embed-youtube wp-embed-aspect-16-9 wp-has-aspect-ratio\"><div class=\"wp-block-embed__wrapper\">\nhttps:\/\/www.youtube.com\/watch?v=95rU4omaNPg\n<\/div><\/figure>\n\n\n\n<div class=\"wp-block-columns is-layout-flex wp-container-core-columns-is-layout-1 wp-block-columns-is-layout-flex\">\n<div class=\"wp-block-column is-layout-flow wp-block-column-is-layout-flow\"><div class=\"wp-block-image\">\n<figure class=\"aligncenter size-large\"><img fetchpriority=\"high\" decoding=\"async\" width=\"223\" height=\"239\" data-attachment-id=\"2777\" data-permalink=\"https:\/\/cambalache.coop.ar\/en\/quienes-somos-old\/pato\/\" data-orig-file=\"https:\/\/cambalache.coop.ar\/wp-content\/uploads\/2024\/04\/pato.jpg\" data-orig-size=\"223,239\" data-comments-opened=\"0\" data-image-meta=\"{&quot;aperture&quot;:&quot;0&quot;,&quot;credit&quot;:&quot;&quot;,&quot;camera&quot;:&quot;&quot;,&quot;caption&quot;:&quot;&quot;,&quot;created_timestamp&quot;:&quot;0&quot;,&quot;copyright&quot;:&quot;&quot;,&quot;focal_length&quot;:&quot;0&quot;,&quot;iso&quot;:&quot;0&quot;,&quot;shutter_speed&quot;:&quot;0&quot;,&quot;title&quot;:&quot;&quot;,&quot;orientation&quot;:&quot;0&quot;}\" data-image-title=\"pato\" data-image-description=\"\" data-image-caption=\"\" data-medium-file=\"https:\/\/cambalache.coop.ar\/wp-content\/uploads\/2024\/04\/pato.jpg\" data-large-file=\"https:\/\/cambalache.coop.ar\/wp-content\/uploads\/2024\/04\/pato.jpg\" src=\"https:\/\/cambalache.coop.ar\/wp-content\/uploads\/2024\/04\/pato.jpg\" alt=\"\" class=\"wp-image-2777\"\/><\/figure><\/div>\n\n\n<h4 class=\"wp-block-heading has-text-align-center\">Patricia Cirillo<\/h4>\n\n\n\n<p class=\"has-text-align-center\"><em>Geographer, Specialist in Urban and Regional Planning<\/em><\/p>\n<\/div>\n\n\n\n<div class=\"wp-block-column is-layout-flow wp-block-column-is-layout-flow\"><div class=\"wp-block-image\">\n<figure class=\"aligncenter size-large\"><img decoding=\"async\" width=\"217\" height=\"219\" data-attachment-id=\"2778\" data-permalink=\"https:\/\/cambalache.coop.ar\/en\/quienes-somos-old\/cris\/\" data-orig-file=\"https:\/\/cambalache.coop.ar\/wp-content\/uploads\/2024\/04\/cris.jpg\" data-orig-size=\"217,219\" data-comments-opened=\"0\" data-image-meta=\"{&quot;aperture&quot;:&quot;0&quot;,&quot;credit&quot;:&quot;&quot;,&quot;camera&quot;:&quot;&quot;,&quot;caption&quot;:&quot;&quot;,&quot;created_timestamp&quot;:&quot;0&quot;,&quot;copyright&quot;:&quot;&quot;,&quot;focal_length&quot;:&quot;0&quot;,&quot;iso&quot;:&quot;0&quot;,&quot;shutter_speed&quot;:&quot;0&quot;,&quot;title&quot;:&quot;&quot;,&quot;orientation&quot;:&quot;0&quot;}\" data-image-title=\"cris\" data-image-description=\"\" data-image-caption=\"\" data-medium-file=\"https:\/\/cambalache.coop.ar\/wp-content\/uploads\/2024\/04\/cris.jpg\" data-large-file=\"https:\/\/cambalache.coop.ar\/wp-content\/uploads\/2024\/04\/cris.jpg\" src=\"https:\/\/cambalache.coop.ar\/wp-content\/uploads\/2024\/04\/cris.jpg\" alt=\"\" class=\"wp-image-2778\" srcset=\"https:\/\/cambalache.coop.ar\/wp-content\/uploads\/2024\/04\/cris.jpg 217w, https:\/\/cambalache.coop.ar\/wp-content\/uploads\/2024\/04\/cris-150x150.jpg 150w, https:\/\/cambalache.coop.ar\/wp-content\/uploads\/2024\/04\/cris-100x100.jpg 100w\" sizes=\"(max-width: 217px) 100vw, 217px\" \/><\/figure><\/div>\n\n\n<h4 class=\"wp-block-heading has-text-align-center\">Cristian Worner<\/h4>\n\n\n\n<p class=\"has-text-align-center\"><em>Geographer<\/em><\/p>\n<\/div>\n\n\n\n<div class=\"wp-block-column is-layout-flow wp-block-column-is-layout-flow\"><div class=\"wp-block-image\">\n<figure class=\"aligncenter size-large\"><img decoding=\"async\" width=\"218\" height=\"202\" data-attachment-id=\"2779\" data-permalink=\"https:\/\/cambalache.coop.ar\/en\/quienes-somos-old\/seba-3\/\" data-orig-file=\"https:\/\/cambalache.coop.ar\/wp-content\/uploads\/2024\/04\/seba.jpg\" data-orig-size=\"218,202\" data-comments-opened=\"0\" data-image-meta=\"{&quot;aperture&quot;:&quot;0&quot;,&quot;credit&quot;:&quot;&quot;,&quot;camera&quot;:&quot;&quot;,&quot;caption&quot;:&quot;&quot;,&quot;created_timestamp&quot;:&quot;0&quot;,&quot;copyright&quot;:&quot;&quot;,&quot;focal_length&quot;:&quot;0&quot;,&quot;iso&quot;:&quot;0&quot;,&quot;shutter_speed&quot;:&quot;0&quot;,&quot;title&quot;:&quot;&quot;,&quot;orientation&quot;:&quot;0&quot;}\" data-image-title=\"seba\" data-image-description=\"\" data-image-caption=\"\" data-medium-file=\"https:\/\/cambalache.coop.ar\/wp-content\/uploads\/2024\/04\/seba.jpg\" data-large-file=\"https:\/\/cambalache.coop.ar\/wp-content\/uploads\/2024\/04\/seba.jpg\" src=\"https:\/\/cambalache.coop.ar\/wp-content\/uploads\/2024\/04\/seba.jpg\" alt=\"\" class=\"wp-image-2779\"\/><\/figure><\/div>\n\n\n<h4 class=\"wp-block-heading has-text-align-center\">Sebasti\u00e1n Mart\u00ednez<\/h4>\n\n\n\n<p class=\"has-text-align-center\"><em>IT Consultant<\/em><\/p>\n<\/div>\n<\/div>\n\n\n\n<div class=\"wp-block-columns is-layout-flex wp-container-core-columns-is-layout-2 wp-block-columns-is-layout-flex\">\n<div class=\"wp-block-column is-layout-flow wp-block-column-is-layout-flow\"><div class=\"wp-block-image\">\n<figure class=\"aligncenter size-large\"><img loading=\"lazy\" decoding=\"async\" width=\"212\" height=\"233\" data-attachment-id=\"2780\" data-permalink=\"https:\/\/cambalache.coop.ar\/en\/quienes-somos-old\/lucre\/\" data-orig-file=\"https:\/\/cambalache.coop.ar\/wp-content\/uploads\/2024\/04\/lucre.jpg\" data-orig-size=\"212,233\" data-comments-opened=\"0\" data-image-meta=\"{&quot;aperture&quot;:&quot;0&quot;,&quot;credit&quot;:&quot;&quot;,&quot;camera&quot;:&quot;&quot;,&quot;caption&quot;:&quot;&quot;,&quot;created_timestamp&quot;:&quot;0&quot;,&quot;copyright&quot;:&quot;&quot;,&quot;focal_length&quot;:&quot;0&quot;,&quot;iso&quot;:&quot;0&quot;,&quot;shutter_speed&quot;:&quot;0&quot;,&quot;title&quot;:&quot;&quot;,&quot;orientation&quot;:&quot;0&quot;}\" data-image-title=\"lucre\" data-image-description=\"\" data-image-caption=\"\" data-medium-file=\"https:\/\/cambalache.coop.ar\/wp-content\/uploads\/2024\/04\/lucre.jpg\" data-large-file=\"https:\/\/cambalache.coop.ar\/wp-content\/uploads\/2024\/04\/lucre.jpg\" src=\"https:\/\/cambalache.coop.ar\/wp-content\/uploads\/2024\/04\/lucre.jpg\" alt=\"\" class=\"wp-image-2780\"\/><\/figure><\/div>\n\n\n<h4 class=\"wp-block-heading has-text-align-center\">Lucrecia Nota Francisco<\/h4>\n\n\n\n<p class=\"has-text-align-center\"><em>Geographer<\/em><\/p>\n<\/div>\n\n\n\n<div class=\"wp-block-column is-layout-flow wp-block-column-is-layout-flow\"><div class=\"wp-block-image\">\n<figure class=\"aligncenter size-large\"><img loading=\"lazy\" decoding=\"async\" width=\"240\" height=\"243\" data-attachment-id=\"2781\" data-permalink=\"https:\/\/cambalache.coop.ar\/en\/quienes-somos-old\/samy\/\" data-orig-file=\"https:\/\/cambalache.coop.ar\/wp-content\/uploads\/2024\/04\/samy.jpg\" data-orig-size=\"240,243\" data-comments-opened=\"0\" data-image-meta=\"{&quot;aperture&quot;:&quot;0&quot;,&quot;credit&quot;:&quot;&quot;,&quot;camera&quot;:&quot;&quot;,&quot;caption&quot;:&quot;&quot;,&quot;created_timestamp&quot;:&quot;0&quot;,&quot;copyright&quot;:&quot;&quot;,&quot;focal_length&quot;:&quot;0&quot;,&quot;iso&quot;:&quot;0&quot;,&quot;shutter_speed&quot;:&quot;0&quot;,&quot;title&quot;:&quot;&quot;,&quot;orientation&quot;:&quot;0&quot;}\" data-image-title=\"samy\" data-image-description=\"\" data-image-caption=\"\" data-medium-file=\"https:\/\/cambalache.coop.ar\/wp-content\/uploads\/2024\/04\/samy.jpg\" data-large-file=\"https:\/\/cambalache.coop.ar\/wp-content\/uploads\/2024\/04\/samy.jpg\" src=\"https:\/\/cambalache.coop.ar\/wp-content\/uploads\/2024\/04\/samy.jpg\" alt=\"\" class=\"wp-image-2781\" srcset=\"https:\/\/cambalache.coop.ar\/wp-content\/uploads\/2024\/04\/samy.jpg 240w, https:\/\/cambalache.coop.ar\/wp-content\/uploads\/2024\/04\/samy-100x100.jpg 100w\" sizes=\"(max-width: 240px) 100vw, 240px\" \/><\/figure><\/div>\n\n\n<h4 class=\"wp-block-heading has-text-align-center\">Samanta Aleso<\/h4>\n\n\n\n<p class=\"has-text-align-center\"><em>Training in Architecture and GIS Analyst<\/em><\/p>\n<\/div>\n\n\n\n<div class=\"wp-block-column is-layout-flow wp-block-column-is-layout-flow\"><div class=\"wp-block-image\">\n<figure class=\"aligncenter size-large\"><img loading=\"lazy\" decoding=\"async\" width=\"216\" height=\"231\" data-attachment-id=\"2782\" data-permalink=\"https:\/\/cambalache.coop.ar\/en\/quienes-somos-old\/nati\/\" data-orig-file=\"https:\/\/cambalache.coop.ar\/wp-content\/uploads\/2024\/04\/nati.jpg\" data-orig-size=\"216,231\" data-comments-opened=\"0\" data-image-meta=\"{&quot;aperture&quot;:&quot;0&quot;,&quot;credit&quot;:&quot;&quot;,&quot;camera&quot;:&quot;&quot;,&quot;caption&quot;:&quot;&quot;,&quot;created_timestamp&quot;:&quot;0&quot;,&quot;copyright&quot;:&quot;&quot;,&quot;focal_length&quot;:&quot;0&quot;,&quot;iso&quot;:&quot;0&quot;,&quot;shutter_speed&quot;:&quot;0&quot;,&quot;title&quot;:&quot;&quot;,&quot;orientation&quot;:&quot;0&quot;}\" data-image-title=\"nati\" data-image-description=\"\" data-image-caption=\"\" data-medium-file=\"https:\/\/cambalache.coop.ar\/wp-content\/uploads\/2024\/04\/nati.jpg\" data-large-file=\"https:\/\/cambalache.coop.ar\/wp-content\/uploads\/2024\/04\/nati.jpg\" src=\"https:\/\/cambalache.coop.ar\/wp-content\/uploads\/2024\/04\/nati.jpg\" alt=\"\" class=\"wp-image-2782\"\/><\/figure><\/div>\n\n\n<h4 class=\"wp-block-heading has-text-align-center\">Natalia Altamiranda<\/h4>\n\n\n\n<p class=\"has-text-align-center\"><em>Graduate in Labor Relations<\/em><\/p>\n<\/div>\n<\/div>\n\n\n\n<div class=\"wp-block-columns is-layout-flex wp-container-core-columns-is-layout-3 wp-block-columns-is-layout-flex\">\n<div class=\"wp-block-column is-layout-flow wp-block-column-is-layout-flow\"><div class=\"wp-block-image\">\n<figure class=\"aligncenter size-large\"><img loading=\"lazy\" decoding=\"async\" width=\"219\" height=\"236\" data-attachment-id=\"2783\" data-permalink=\"https:\/\/cambalache.coop.ar\/en\/quienes-somos-old\/david\/\" data-orig-file=\"https:\/\/cambalache.coop.ar\/wp-content\/uploads\/2024\/04\/david.jpg\" data-orig-size=\"219,236\" data-comments-opened=\"0\" data-image-meta=\"{&quot;aperture&quot;:&quot;0&quot;,&quot;credit&quot;:&quot;&quot;,&quot;camera&quot;:&quot;&quot;,&quot;caption&quot;:&quot;&quot;,&quot;created_timestamp&quot;:&quot;0&quot;,&quot;copyright&quot;:&quot;&quot;,&quot;focal_length&quot;:&quot;0&quot;,&quot;iso&quot;:&quot;0&quot;,&quot;shutter_speed&quot;:&quot;0&quot;,&quot;title&quot;:&quot;&quot;,&quot;orientation&quot;:&quot;0&quot;}\" data-image-title=\"david\" data-image-description=\"\" data-image-caption=\"\" data-medium-file=\"https:\/\/cambalache.coop.ar\/wp-content\/uploads\/2024\/04\/david.jpg\" data-large-file=\"https:\/\/cambalache.coop.ar\/wp-content\/uploads\/2024\/04\/david.jpg\" src=\"https:\/\/cambalache.coop.ar\/wp-content\/uploads\/2024\/04\/david.jpg\" alt=\"\" class=\"wp-image-2783\"\/><\/figure><\/div>\n\n\n<div class=\"wp-block-group\"><div class=\"wp-block-group__inner-container is-layout-flow wp-block-group-is-layout-flow\">\n<h4 class=\"wp-block-heading has-text-align-center\">David Curbela<\/h4>\n\n\n\n<p class=\"has-text-align-center\"><em>Geographer<\/em><\/p>\n<\/div><\/div>\n<\/div>\n\n\n\n<div class=\"wp-block-column is-layout-flow wp-block-column-is-layout-flow\"><div class=\"wp-block-image\">\n<figure class=\"aligncenter size-large\"><img loading=\"lazy\" decoding=\"async\" width=\"218\" height=\"231\" data-attachment-id=\"2784\" data-permalink=\"https:\/\/cambalache.coop.ar\/en\/quienes-somos-old\/gachy\/\" data-orig-file=\"https:\/\/cambalache.coop.ar\/wp-content\/uploads\/2024\/04\/gachy.jpg\" data-orig-size=\"218,231\" data-comments-opened=\"0\" data-image-meta=\"{&quot;aperture&quot;:&quot;0&quot;,&quot;credit&quot;:&quot;&quot;,&quot;camera&quot;:&quot;&quot;,&quot;caption&quot;:&quot;&quot;,&quot;created_timestamp&quot;:&quot;0&quot;,&quot;copyright&quot;:&quot;&quot;,&quot;focal_length&quot;:&quot;0&quot;,&quot;iso&quot;:&quot;0&quot;,&quot;shutter_speed&quot;:&quot;0&quot;,&quot;title&quot;:&quot;&quot;,&quot;orientation&quot;:&quot;0&quot;}\" data-image-title=\"gachy\" data-image-description=\"\" data-image-caption=\"\" data-medium-file=\"https:\/\/cambalache.coop.ar\/wp-content\/uploads\/2024\/04\/gachy.jpg\" data-large-file=\"https:\/\/cambalache.coop.ar\/wp-content\/uploads\/2024\/04\/gachy.jpg\" src=\"https:\/\/cambalache.coop.ar\/wp-content\/uploads\/2024\/04\/gachy.jpg\" alt=\"\" class=\"wp-image-2784\"\/><\/figure><\/div>\n\n\n<h4 class=\"wp-block-heading has-text-align-center\">Graciela Sanagua<\/h4>\n\n\n\n<p class=\"has-text-align-center\"><em>Training in Geography and GIS Technician<\/em><\/p>\n<\/div>\n<\/div>\n\n\n\n<span style=\"display:block; height:50px;\">&nbsp;<\/span>\n\n\n\n<hr class=\"wp-block-separator has-alpha-channel-opacity\"\/>\n\n\n\n<h2 class=\"wp-block-heading has-text-align-center\">Collaborative partners,<br> building a shared future<\/h2>\n\n\n\n<p class=\"has-text-align-center\">Cambalache is a Geographical Technological Cooperative interested in developing joint projects, sharing knowledge and resources, and strengthening our capacity to impact the community and the environment.<\/p>\n\n\n\n<p class=\"has-text-align-center\">Proud Members of:<\/p>\n\n\n\n<div class=\"wp-block-columns is-layout-flex wp-container-core-columns-is-layout-4 wp-block-columns-is-layout-flex\">\n<div class=\"wp-block-column is-layout-flow wp-block-column-is-layout-flow\"><div class=\"wp-block-image\">\n<figure class=\"aligncenter size-large\"><a href=\"https:\/\/www.idera.gob.ar\/\" target=\"_blank\" rel=\"noreferrer noopener\"><img loading=\"lazy\" decoding=\"async\" width=\"1024\" height=\"412\" data-attachment-id=\"944\" data-permalink=\"https:\/\/cambalache.coop.ar\/en\/idera_mesa-de-trabajo-1\/\" data-orig-file=\"https:\/\/cambalache.coop.ar\/wp-content\/uploads\/2020\/08\/idera_Mesa-de-trabajo-1-scaled.jpg\" data-orig-size=\"2560,1030\" data-comments-opened=\"1\" data-image-meta=\"{&quot;aperture&quot;:&quot;0&quot;,&quot;credit&quot;:&quot;&quot;,&quot;camera&quot;:&quot;&quot;,&quot;caption&quot;:&quot;&quot;,&quot;created_timestamp&quot;:&quot;0&quot;,&quot;copyright&quot;:&quot;&quot;,&quot;focal_length&quot;:&quot;0&quot;,&quot;iso&quot;:&quot;0&quot;,&quot;shutter_speed&quot;:&quot;0&quot;,&quot;title&quot;:&quot;&quot;,&quot;orientation&quot;:&quot;0&quot;}\" data-image-title=\"idera_Mesa-de-trabajo-1\" data-image-description=\"\" data-image-caption=\"\" data-medium-file=\"https:\/\/cambalache.coop.ar\/wp-content\/uploads\/2020\/08\/idera_Mesa-de-trabajo-1-300x121.jpg\" data-large-file=\"https:\/\/cambalache.coop.ar\/wp-content\/uploads\/2020\/08\/idera_Mesa-de-trabajo-1-1024x412.jpg\" src=\"https:\/\/cambalache.coop.ar\/wp-content\/uploads\/2020\/08\/idera_Mesa-de-trabajo-1-1024x412.jpg\" alt=\"\" class=\"wp-image-944\" srcset=\"https:\/\/cambalache.coop.ar\/wp-content\/uploads\/2020\/08\/idera_Mesa-de-trabajo-1-1024x412.jpg 1024w, https:\/\/cambalache.coop.ar\/wp-content\/uploads\/2020\/08\/idera_Mesa-de-trabajo-1-300x121.jpg 300w, https:\/\/cambalache.coop.ar\/wp-content\/uploads\/2020\/08\/idera_Mesa-de-trabajo-1-768x309.jpg 768w, https:\/\/cambalache.coop.ar\/wp-content\/uploads\/2020\/08\/idera_Mesa-de-trabajo-1-1536x618.jpg 1536w, https:\/\/cambalache.coop.ar\/wp-content\/uploads\/2020\/08\/idera_Mesa-de-trabajo-1-2048x824.jpg 2048w, https:\/\/cambalache.coop.ar\/wp-content\/uploads\/2020\/08\/idera_Mesa-de-trabajo-1-1920x772.jpg 1920w, https:\/\/cambalache.coop.ar\/wp-content\/uploads\/2020\/08\/idera_Mesa-de-trabajo-1-600x241.jpg 600w\" sizes=\"(max-width: 1024px) 100vw, 1024px\" \/><\/a><\/figure><\/div><\/div>\n\n\n\n<div class=\"wp-block-column is-layout-flow wp-block-column-is-layout-flow\"><div class=\"wp-block-image\">\n<figure class=\"aligncenter size-full\"><a href=\"https:\/\/facttic.org.ar\/\" target=\"_blank\" rel=\"noreferrer noopener\"><img loading=\"lazy\" decoding=\"async\" width=\"403\" height=\"120\" data-attachment-id=\"4575\" data-permalink=\"https:\/\/cambalache.coop.ar\/en\/quienes-somos-old\/logo-facttic\/\" data-orig-file=\"https:\/\/cambalache.coop.ar\/wp-content\/uploads\/2024\/10\/logo-facttic.png\" data-orig-size=\"403,120\" data-comments-opened=\"0\" data-image-meta=\"{&quot;aperture&quot;:&quot;0&quot;,&quot;credit&quot;:&quot;&quot;,&quot;camera&quot;:&quot;&quot;,&quot;caption&quot;:&quot;&quot;,&quot;created_timestamp&quot;:&quot;0&quot;,&quot;copyright&quot;:&quot;&quot;,&quot;focal_length&quot;:&quot;0&quot;,&quot;iso&quot;:&quot;0&quot;,&quot;shutter_speed&quot;:&quot;0&quot;,&quot;title&quot;:&quot;&quot;,&quot;orientation&quot;:&quot;0&quot;}\" data-image-title=\"logo-facttic\" data-image-description=\"\" data-image-caption=\"\" data-medium-file=\"https:\/\/cambalache.coop.ar\/wp-content\/uploads\/2024\/10\/logo-facttic-300x89.png\" data-large-file=\"https:\/\/cambalache.coop.ar\/wp-content\/uploads\/2024\/10\/logo-facttic.png\" src=\"https:\/\/cambalache.coop.ar\/wp-content\/uploads\/2024\/10\/logo-facttic.png\" alt=\"\" class=\"wp-image-4575\" srcset=\"https:\/\/cambalache.coop.ar\/wp-content\/uploads\/2024\/10\/logo-facttic.png 403w, https:\/\/cambalache.coop.ar\/wp-content\/uploads\/2024\/10\/logo-facttic-300x89.png 300w\" sizes=\"(max-width: 403px) 100vw, 403px\" \/><\/a><\/figure><\/div><\/div>\n\n\n\n<div class=\"wp-block-column is-layout-flow wp-block-column-is-layout-flow\"><div class=\"wp-block-image\">\n<figure class=\"aligncenter size-full is-resized\"><a href=\"https:\/\/buenosaires.gob.ar\/haciendayfinanzas\/compras\/sello-empresa-mujer\" target=\"_blank\" rel=\"noreferrer noopener\"><img loading=\"lazy\" decoding=\"async\" width=\"1024\" height=\"1024\" data-attachment-id=\"4572\" data-permalink=\"https:\/\/cambalache.coop.ar\/en\/sello-mujer-buenos-aires-1024x1024\/\" data-orig-file=\"https:\/\/cambalache.coop.ar\/wp-content\/uploads\/2024\/10\/Sello-Mujer-Buenos-Aires-1024x1024-1.png\" data-orig-size=\"1024,1024\" data-comments-opened=\"0\" data-image-meta=\"{&quot;aperture&quot;:&quot;0&quot;,&quot;credit&quot;:&quot;&quot;,&quot;camera&quot;:&quot;&quot;,&quot;caption&quot;:&quot;&quot;,&quot;created_timestamp&quot;:&quot;0&quot;,&quot;copyright&quot;:&quot;&quot;,&quot;focal_length&quot;:&quot;0&quot;,&quot;iso&quot;:&quot;0&quot;,&quot;shutter_speed&quot;:&quot;0&quot;,&quot;title&quot;:&quot;&quot;,&quot;orientation&quot;:&quot;0&quot;}\" data-image-title=\"Sello-Mujer-Buenos-Aires-1024&#215;1024\" data-image-description=\"\" data-image-caption=\"\" data-medium-file=\"https:\/\/cambalache.coop.ar\/wp-content\/uploads\/2024\/10\/Sello-Mujer-Buenos-Aires-1024x1024-1-300x300.png\" data-large-file=\"https:\/\/cambalache.coop.ar\/wp-content\/uploads\/2024\/10\/Sello-Mujer-Buenos-Aires-1024x1024-1.png\" src=\"https:\/\/cambalache.coop.ar\/wp-content\/uploads\/2024\/10\/Sello-Mujer-Buenos-Aires-1024x1024-1.png\" alt=\"\" class=\"wp-image-4572\" style=\"width:140px\" srcset=\"https:\/\/cambalache.coop.ar\/wp-content\/uploads\/2024\/10\/Sello-Mujer-Buenos-Aires-1024x1024-1.png 1024w, https:\/\/cambalache.coop.ar\/wp-content\/uploads\/2024\/10\/Sello-Mujer-Buenos-Aires-1024x1024-1-300x300.png 300w, https:\/\/cambalache.coop.ar\/wp-content\/uploads\/2024\/10\/Sello-Mujer-Buenos-Aires-1024x1024-1-150x150.png 150w, https:\/\/cambalache.coop.ar\/wp-content\/uploads\/2024\/10\/Sello-Mujer-Buenos-Aires-1024x1024-1-768x768.png 768w, https:\/\/cambalache.coop.ar\/wp-content\/uploads\/2024\/10\/Sello-Mujer-Buenos-Aires-1024x1024-1-600x600.png 600w, https:\/\/cambalache.coop.ar\/wp-content\/uploads\/2024\/10\/Sello-Mujer-Buenos-Aires-1024x1024-1-100x100.png 100w\" sizes=\"(max-width: 1024px) 100vw, 1024px\" \/><\/a><\/figure><\/div><\/div>\n<\/div>\n\n\n\n<hr class=\"wp-block-separator has-alpha-channel-opacity\"\/>\n\n\n\n<span style=\"display:block; height:50px;\">&nbsp;<\/span>\n\n\n\n<h2 class=\"wp-block-heading has-text-align-center\">OUR NORTH<\/h2>\n\n\n\n<figure class=\"wp-block-image size-full\"><img loading=\"lazy\" decoding=\"async\" width=\"2008\" height=\"1000\" data-attachment-id=\"2788\" data-permalink=\"https:\/\/cambalache.coop.ar\/en\/quienes-somos-old\/cropped-linea_tiempo_2023_mesa-de-trabajo-1\/\" data-orig-file=\"https:\/\/cambalache.coop.ar\/wp-content\/uploads\/2024\/04\/cropped-linea_tiempo_2023_Mesa-de-trabajo-1.jpg\" data-orig-size=\"2008,1000\" data-comments-opened=\"0\" data-image-meta=\"{&quot;aperture&quot;:&quot;0&quot;,&quot;credit&quot;:&quot;&quot;,&quot;camera&quot;:&quot;&quot;,&quot;caption&quot;:&quot;&quot;,&quot;created_timestamp&quot;:&quot;0&quot;,&quot;copyright&quot;:&quot;&quot;,&quot;focal_length&quot;:&quot;0&quot;,&quot;iso&quot;:&quot;0&quot;,&quot;shutter_speed&quot;:&quot;0&quot;,&quot;title&quot;:&quot;&quot;,&quot;orientation&quot;:&quot;0&quot;}\" data-image-title=\"cropped-linea_tiempo_2023_Mesa-de-trabajo-1\" data-image-description=\"\" data-image-caption=\"\" data-medium-file=\"https:\/\/cambalache.coop.ar\/wp-content\/uploads\/2024\/04\/cropped-linea_tiempo_2023_Mesa-de-trabajo-1-300x149.jpg\" data-large-file=\"https:\/\/cambalache.coop.ar\/wp-content\/uploads\/2024\/04\/cropped-linea_tiempo_2023_Mesa-de-trabajo-1-1024x510.jpg\" src=\"https:\/\/cambalache.coop.ar\/wp-content\/uploads\/2024\/04\/cropped-linea_tiempo_2023_Mesa-de-trabajo-1.jpg\" alt=\"\" class=\"wp-image-2788\" srcset=\"https:\/\/cambalache.coop.ar\/wp-content\/uploads\/2024\/04\/cropped-linea_tiempo_2023_Mesa-de-trabajo-1.jpg 2008w, https:\/\/cambalache.coop.ar\/wp-content\/uploads\/2024\/04\/cropped-linea_tiempo_2023_Mesa-de-trabajo-1-300x149.jpg 300w, https:\/\/cambalache.coop.ar\/wp-content\/uploads\/2024\/04\/cropped-linea_tiempo_2023_Mesa-de-trabajo-1-1024x510.jpg 1024w, https:\/\/cambalache.coop.ar\/wp-content\/uploads\/2024\/04\/cropped-linea_tiempo_2023_Mesa-de-trabajo-1-768x382.jpg 768w, https:\/\/cambalache.coop.ar\/wp-content\/uploads\/2024\/04\/cropped-linea_tiempo_2023_Mesa-de-trabajo-1-1536x765.jpg 1536w, https:\/\/cambalache.coop.ar\/wp-content\/uploads\/2024\/04\/cropped-linea_tiempo_2023_Mesa-de-trabajo-1-1920x956.jpg 1920w, https:\/\/cambalache.coop.ar\/wp-content\/uploads\/2024\/04\/cropped-linea_tiempo_2023_Mesa-de-trabajo-1-600x299.jpg 600w\" sizes=\"(max-width: 2008px) 100vw, 2008px\" \/><\/figure>","protected":false},"excerpt":{"rendered":"<p>LES DAMOS LA BIENVENIDA A CAMBALACHE CAMBALACHE es un equipo de trabajo de personas formadas en geograf\u00eda y programaci\u00f3n, que de forma democr\u00e1tica y participativa nos organizamos con un objetivo rec\u00edproco y com\u00fan: trabajar y transformar. Cambalache busca crear puentes que conecten personas, ciencias, proyectos y ambientes entre s\u00ed, que acorten las distancias, que cooperen&hellip; <br \/> <a class=\"read-more\" href=\"https:\/\/cambalache.coop.ar\/en\/quienes-somos-old\/\">Read more<\/a><\/p>","protected":false},"author":1,"featured_media":0,"parent":0,"menu_order":0,"comment_status":"closed","ping_status":"closed","template":"","meta":{"_acf_changed":false,"footnotes":""},"acf":[],"jetpack_sharing_enabled":true,"_links":{"self":[{"href":"https:\/\/cambalache.coop.ar\/en\/wp-json\/wp\/v2\/pages\/2775"}],"collection":[{"href":"https:\/\/cambalache.coop.ar\/en\/wp-json\/wp\/v2\/pages"}],"about":[{"href":"https:\/\/cambalache.coop.ar\/en\/wp-json\/wp\/v2\/types\/page"}],"author":[{"embeddable":true,"href":"https:\/\/cambalache.coop.ar\/en\/wp-json\/wp\/v2\/users\/1"}],"replies":[{"embeddable":true,"href":"https:\/\/cambalache.coop.ar\/en\/wp-json\/wp\/v2\/comments?post=2775"}],"version-history":[{"count":43,"href":"https:\/\/cambalache.coop.ar\/en\/wp-json\/wp\/v2\/pages\/2775\/revisions"}],"predecessor-version":[{"id":5268,"href":"https:\/\/cambalache.coop.ar\/en\/wp-json\/wp\/v2\/pages\/2775\/revisions\/5268"}],"wp:attachment":[{"href":"https:\/\/cambalache.coop.ar\/en\/wp-json\/wp\/v2\/media?parent=2775"}],"curies":[{"name":"wp","href":"https:\/\/api.w.org\/{rel}","templated":true}]}}