{"id":2833,"date":"2024-04-25T10:41:41","date_gmt":"2024-04-25T13:41:41","guid":{"rendered":"https:\/\/cambalache.coop.ar\/?page_id=2833"},"modified":"2025-08-05T00:14:09","modified_gmt":"2025-08-05T03:14:09","slug":"planificacion-y-urbanismo","status":"publish","type":"page","link":"https:\/\/cambalache.coop.ar\/en\/planificacion-y-urbanismo\/","title":{"rendered":"PLANNING AND URBANISM"},"content":{"rendered":"<div class=\"wp-block-columns hero-ide is-layout-flex wp-container-core-columns-is-layout-1 wp-block-columns-is-layout-flex\">\n<div class=\"wp-block-column is-layout-flow wp-block-column-is-layout-flow\" style=\"flex-basis:66.66%\">\n<p>PLANNING AND URBANISM<\/p>\n<\/div>\n\n\n\n<div class=\"wp-block-column is-layout-flow wp-block-column-is-layout-flow\" style=\"flex-basis:33.33%\">\n<picture style=\"width: 90%; margin: 0 auto; display: flex;\">\n  <source media=\"(min-width: 768px)\" srcset=\"https:\/\/cambalache.coop.ar\/wp-content\/uploads\/2025\/08\/hero-urb-desktop.png\">\n  <source media=\"(max-width: 769px)\" srcset=\"https:\/\/cambalache.coop.ar\/wp-content\/uploads\/2025\/08\/mobile-planificacion.png\">\n  <img decoding=\"async\" src=\"URL_IMAGEN_DEFAULT.jpg\" alt=\"Descripci\u00f3n\">\n<\/picture>\n<\/div>\n<\/div>\n\n\n\n<div class=\"wp-block-columns paratexto-ide is-layout-flex wp-container-core-columns-is-layout-2 wp-block-columns-is-layout-flex\">\n<div class=\"wp-block-column is-layout-flow wp-block-column-is-layout-flow\">\n<p>Geographic Information Systems are fundamental tools for organizing urban work and supporting territorial transformation processes. With open and accessible technology, they strengthen decision-making from a collective perspective.<\/p>\n<\/div>\n<\/div>\n\n\n\n<div class=\"wp-block-columns cards is-layout-flex wp-container-core-columns-is-layout-3 wp-block-columns-is-layout-flex\">\n<div class=\"wp-block-column is-layout-flow wp-block-column-is-layout-flow\">\n<div class=\"card\">\n  <div class=\"card-front\">\n    <div class=\"icon\"><\/div>\n    <h3>PARTICIPATORY MAPPING\n<\/h3>\n  <\/div>\n  <div class=\"card-back\">\n    <p>\n      They allow us to understand the territories through the voice and experience of the people who live there. Meetings are held in which, based on triggering questions, maps are created that allow us to understand the subjectivity of the actors and how they set their priorities.\n\n    <\/p>\n  <\/div>\n<\/div>\n<\/div>\n\n\n\n<div class=\"wp-block-column is-layout-flow wp-block-column-is-layout-flow\">\n<div class=\"card\">\n  <div class=\"card-front\">\n    <div class=\"icon\"><\/div>\n    <h3>REAL ESTATE MARKET\n<\/h3>\n  <\/div>\n  <div class=\"card-back\">\n    <p>\n      Land value prices are a priority indicator when planning cities. We designed a methodology that allows us to create updated maps of land value, generating layers of geographic information and web map viewers.\n\n    <\/p>\n  <\/div>\n<\/div>\n<\/div>\n\n\n\n<div class=\"wp-block-column is-layout-flow wp-block-column-is-layout-flow\">\n<div class=\"card\">\n  <div class=\"card-front\">\n    <div class=\"icon\"><\/div>\n    <h3>LAND USE SURVEY\n<\/h3>\n  <\/div>\n  <div class=\"card-back\">\n    <p>\n      The objective of a Land Use Survey is to produce and update information on uses regarding buildings and activities carried out on all registered plots. Using digitalization tools, we create the methodology to survey your municipality.\n\n    <\/p>\n  <\/div>\n<\/div>\n<\/div>\n<\/div>\n\n\n\n<div class=\"wp-block-columns cards is-layout-flex wp-container-core-columns-is-layout-5 wp-block-columns-is-layout-flex\">\n<div class=\"wp-block-column is-layout-flow wp-block-column-is-layout-flow\">\n<div class=\"wp-block-columns is-layout-flex wp-container-core-columns-is-layout-4 wp-block-columns-is-layout-flex\">\n<div class=\"wp-block-column is-layout-flow wp-block-column-is-layout-flow\">\n<div class=\"card\">\n  <div class=\"card-front\">\n    <div class=\"icon\"><\/div>\n    <h3>MULTIPURPOSE CADASTRE\n<\/h3>\n  <\/div>\n  <div class=\"card-back\">\n    <p>\n      It contains information on economic, jurisdictional, environmental, infrastructure networks and socio-demographic data. The cross-sectional analysis of this information allows the creation of bases for urban planning and efficient management of urban land.\n\n    <\/p>\n  <\/div>\n<\/div>\n<\/div>\n\n\n\n<div class=\"wp-block-column is-layout-flow wp-block-column-is-layout-flow\">\n<div class=\"card\">\n  <div class=\"card-front\">\n    <div class=\"icon\"><\/div>\n    <h3>3D MAPS\n<\/h3>\n  <\/div>\n  <div class=\"card-back\">\n    <p>\n      They allow the visualization of layers of spatial information in 3 dimensions, facilitating the understanding of the geographic environment. In urban environments, they facilitate access to and understanding of urban planning, cadastral and zoning regulations.\n    <\/p>\n  <\/div>\n<\/div>\n<\/div>\n\n\n\n<div class=\"wp-block-column is-layout-flow wp-block-column-is-layout-flow\"><\/div>\n<\/div>\n<\/div>\n<\/div>\n\n\n\n<p class=\"has-text-align-center proyectos-destacados-title has-large-font-size\">FEATURED PROJECTS<\/p>\n\n\n\n<div class=\"wp-block-columns proyectos-destacados is-layout-flex wp-container-core-columns-is-layout-6 wp-block-columns-is-layout-flex\">\n<div class=\"wp-block-column is-layout-flow wp-block-column-is-layout-flow\">\n<div class=\"wp-block-image destacado\">\n\t<img decoding=\"async\" src=\"https:\/\/cambalache.coop.ar\/wp-content\/uploads\/2024\/05\/destaacdos_blanco_plan-05.png\" alt=\"\" class=\"imagen\">\n\t<div class=\"medio\">\n\t\t<div class=\"texto\">\nParticipatory Mapping on Mobility, Security and Gender in the Rodrigo Bueno Neighborhood<\/br>\n\n\t\t\t<a href=\"https:\/\/cambalache.coop.ar\/en\/mapeo-participativo-sobre-movilidad-seguridad-y-genero-en-el-barrio-rodrigo-bueno-laboratorio-de-aceleracion-ods-16-pnud-gcba\/\" target=\"_blank\" rel=\"noopener noreferrer\">Read<\/a>\n\t\t<\/div>\n\t<\/div>\n<\/div>\n<\/div>\n\n\n\n<div class=\"wp-block-column is-layout-flow wp-block-column-is-layout-flow\">\n<div class=\"wp-block-image destacado\">\n\t<img decoding=\"async\" src=\"https:\/\/cambalache.coop.ar\/wp-content\/uploads\/2024\/05\/destaacdos_blanco_plan-07.png\" alt=\"\" class=\"imagen\">\n\t<div class=\"medio\">\n\t\t<div class=\"texto\">\nSpatial Data Infrastructure (SDI) of the Municipality of Campana<\/br>\n\t\t\t<a href=\"https:\/\/cambalache.coop.ar\/en\/infraestructura-de-datos-espaciales-del-municipio-de-campana\/\" target=\"_blank\" rel=\"noopener noreferrer\">Read<\/a>\n\t\t<\/div>\n\t<\/div>\n<\/div>\n<\/div>\n\n\n\n<div class=\"wp-block-column is-layout-flow wp-block-column-is-layout-flow\">\n<div class=\"wp-block-image destacado\">\n\t<img decoding=\"async\" src=\"https:\/\/cambalache.coop.ar\/wp-content\/uploads\/2024\/05\/destaacdos_blanco_plan-04.png\" alt=\"\" class=\"imagen\">\n\t<div class=\"medio\">\n\t\t<div class=\"texto\">\nMobility, Safety, and Gender in Informal Settlements \u2013 Buenos Aires<\/br>\n\t\t\t<a href=\"https:\/\/cambalache.coop.ar\/en\/movilidad-seguridad-y-genero-en-barrios-populares-caba\/\" target=\"_blank\" rel=\"noopener noreferrer\">Read<\/a>\n\t\t<\/div>\n\t<\/div>\n<\/div>\n<\/div>\n\n\n\n<div class=\"wp-block-column is-layout-flow wp-block-column-is-layout-flow\">\n<div class=\"wp-block-image destacado\">\n\t<img decoding=\"async\" src=\"https:\/\/cambalache.coop.ar\/wp-content\/uploads\/2024\/05\/destaacdos_blanco_plan-06.png\" alt=\"\" class=\"imagen\">\n\t<div class=\"medio\">\n\t\t<div class=\"texto\">\nMap of Perceptions and Data<\/br>\n\t\t\t<a href=\"https:\/\/www.iciudad.org.ar\/georeferenciacion\/\" target=\"_blank\" rel=\"noopener noreferrer\">Read<\/a>\n\t\t<\/div>\n\t<\/div>\n<\/div>\n<\/div>\n<\/div>\n\n\n\n<p class=\"has-text-align-center boton-trabajos translation-block\"><a rel=\"noreferrer noopener\" href=\"https:\/\/cambalache.coop.ar\/en\/tag\/consultoria-sig\/\" target=\"_blank\">See<\/a><a href=\"https:\/\/cambalache.coop.ar\/en\/tag\/consultoria-sig\/\" target=\"_blank\" rel=\"noreferrer noopener\"> <\/a><a rel=\"noreferrer noopener\" href=\"https:\/\/cambalache.coop.ar\/en\/tag\/consultoria-sig\/\" target=\"_blank\">more works<\/a><\/p>\n\n\n\n<div class=\"wp-block-columns tecnologias is-layout-flex wp-container-core-columns-is-layout-8 wp-block-columns-is-layout-flex\">\n<div class=\"wp-block-column is-layout-flow wp-block-column-is-layout-flow\">\n<div class=\"wp-block-columns is-layout-flex wp-container-core-columns-is-layout-7 wp-block-columns-is-layout-flex\">\n<div class=\"wp-block-column is-layout-flow wp-block-column-is-layout-flow\" style=\"flex-basis:33.33%\">\n<h3 class=\"wp-block-heading\">TECHNOLOGIES<\/h3>\n\n\n\n<p>We work with Free and Open Source Software, which allows the free installation of software in any work environment.<\/p>\n<\/div>\n\n\n\n<div class=\"wp-block-column is-layout-flow wp-block-column-is-layout-flow\" style=\"flex-basis:66.66%\">\n<picture style=\"width: 90%; margin: 0 auto; display: flex;\">\n  <source media=\"(min-width: 768px)\" srcset=\"https:\/\/cambalache.coop.ar\/wp-content\/uploads\/2025\/08\/tec-home.jpg\">\n  <source media=\"(max-width: 769px)\" srcset=\"https:\/\/cambalache.coop.ar\/wp-content\/uploads\/2025\/08\/tec-home-mobile.jpg\">\n  <img decoding=\"async\" src=\"URL_IMAGEN_DEFAULT.jpg\" alt=\"Descripci\u00f3n\">\n<\/picture>\n<\/div>\n<\/div>\n<\/div>\n<\/div>\n\n\n\n<p class=\"has-text-align-center boton-descargar\"><a href=\"https:\/\/cambalache.coop.ar\/files\/dossier.pdf\" target=\"_blank\" rel=\"noreferrer noopener\">DOWNLOAD DOSSIER<\/a><\/p>\n\n\n\n<p><\/p>","protected":false},"excerpt":{"rendered":"<p>PLANIFICACI\u00d3N Y URBANISMO Los Sistemas de Informaci\u00f3n Geogr\u00e1fica son herramientas fundamentales para organizar el trabajo urbano y acompa\u00f1ar procesos de transformaci\u00f3n en el territorio. Con tecnolog\u00eda libre y accesible, fortalecen la toma de decisiones desde una mirada colectiva MAPEO PARTICIPATIVO Permiten conocer los territorios a trav\u00e9s de la voz y la experiencia de las personas&hellip; <br \/> <a class=\"read-more\" href=\"https:\/\/cambalache.coop.ar\/en\/planificacion-y-urbanismo\/\">Read more<\/a><\/p>","protected":false},"author":1,"featured_media":0,"parent":0,"menu_order":0,"comment_status":"closed","ping_status":"closed","template":"","meta":{"_acf_changed":false,"footnotes":""},"acf":[],"jetpack_sharing_enabled":true,"_links":{"self":[{"href":"https:\/\/cambalache.coop.ar\/en\/wp-json\/wp\/v2\/pages\/2833"}],"collection":[{"href":"https:\/\/cambalache.coop.ar\/en\/wp-json\/wp\/v2\/pages"}],"about":[{"href":"https:\/\/cambalache.coop.ar\/en\/wp-json\/wp\/v2\/types\/page"}],"author":[{"embeddable":true,"href":"https:\/\/cambalache.coop.ar\/en\/wp-json\/wp\/v2\/users\/1"}],"replies":[{"embeddable":true,"href":"https:\/\/cambalache.coop.ar\/en\/wp-json\/wp\/v2\/comments?post=2833"}],"version-history":[{"count":59,"href":"https:\/\/cambalache.coop.ar\/en\/wp-json\/wp\/v2\/pages\/2833\/revisions"}],"predecessor-version":[{"id":5429,"href":"https:\/\/cambalache.coop.ar\/en\/wp-json\/wp\/v2\/pages\/2833\/revisions\/5429"}],"wp:attachment":[{"href":"https:\/\/cambalache.coop.ar\/en\/wp-json\/wp\/v2\/media?parent=2833"}],"curies":[{"name":"wp","href":"https:\/\/api.w.org\/{rel}","templated":true}]}}