{"id":4593,"date":"2024-10-14T12:24:00","date_gmt":"2024-10-14T15:24:00","guid":{"rendered":"https:\/\/cambalache.coop.ar\/?page_id=4593"},"modified":"2026-01-09T13:52:42","modified_gmt":"2026-01-09T16:52:42","slug":"geo-dashboard","status":"publish","type":"page","link":"https:\/\/cambalache.coop.ar\/en\/geo-dashboard\/","title":{"rendered":"Geo DASHBOARD"},"content":{"rendered":"<div class=\"wp-block-cover is-light\"><span aria-hidden=\"true\" class=\"wp-block-cover__background has-background-dim-0 has-background-dim\" style=\"background-color:#fcf6f5\"><\/span><img fetchpriority=\"high\" decoding=\"async\" width=\"1366\" height=\"400\" data-attachment-id=\"5461\" data-permalink=\"https:\/\/cambalache.coop.ar\/en\/geo-dashboard\/geodashboard-background\/\" data-orig-file=\"https:\/\/cambalache.coop.ar\/wp-content\/uploads\/2025\/08\/geodashboard-background.png\" data-orig-size=\"1366,400\" data-comments-opened=\"0\" data-image-meta=\"{&quot;aperture&quot;:&quot;0&quot;,&quot;credit&quot;:&quot;&quot;,&quot;camera&quot;:&quot;&quot;,&quot;caption&quot;:&quot;&quot;,&quot;created_timestamp&quot;:&quot;0&quot;,&quot;copyright&quot;:&quot;&quot;,&quot;focal_length&quot;:&quot;0&quot;,&quot;iso&quot;:&quot;0&quot;,&quot;shutter_speed&quot;:&quot;0&quot;,&quot;title&quot;:&quot;&quot;,&quot;orientation&quot;:&quot;0&quot;}\" data-image-title=\"geodashboard-background\" data-image-description=\"\" data-image-caption=\"\" data-medium-file=\"https:\/\/cambalache.coop.ar\/wp-content\/uploads\/2025\/08\/geodashboard-background-300x88.png\" data-large-file=\"https:\/\/cambalache.coop.ar\/wp-content\/uploads\/2025\/08\/geodashboard-background-1024x300.png\" class=\"wp-block-cover__image-background wp-image-5461\" alt=\"\" src=\"https:\/\/cambalache.coop.ar\/wp-content\/uploads\/2025\/08\/geodashboard-background.png\" data-object-fit=\"cover\" srcset=\"https:\/\/cambalache.coop.ar\/wp-content\/uploads\/2025\/08\/geodashboard-background.png 1366w, https:\/\/cambalache.coop.ar\/wp-content\/uploads\/2025\/08\/geodashboard-background-300x88.png 300w, https:\/\/cambalache.coop.ar\/wp-content\/uploads\/2025\/08\/geodashboard-background-1024x300.png 1024w, https:\/\/cambalache.coop.ar\/wp-content\/uploads\/2025\/08\/geodashboard-background-768x225.png 768w, https:\/\/cambalache.coop.ar\/wp-content\/uploads\/2025\/08\/geodashboard-background-18x5.png 18w\" sizes=\"(max-width: 1366px) 100vw, 1366px\" \/><div class=\"wp-block-cover__inner-container is-layout-flow wp-block-cover-is-layout-flow\">\n<p class=\"has-text-align-center geonube-hero has-large-font-size\"><\/p>\n\n\n\n<div class=\"wp-block-columns is-layout-flex wp-container-core-columns-is-layout-1 wp-block-columns-is-layout-flex\">\n<div class=\"wp-block-column is-layout-flow wp-block-column-is-layout-flow\">\n<h2 class=\"wp-block-heading\"><span class=\"salto\">GEO<\/span><span class=\"second-line\">DASHBOARD<\/span><\/h2>\n\n\n\n<p>GeoDashboard integrates data analysis platforms that make it easy to explore, visualize, and share data in an intuitive way. With these tools, you can effectively link your data to maps.<\/p>\n\n\n\n<div class=\"wp-block-buttons is-layout-flex wp-block-buttons-is-layout-flex\">\n<div class=\"wp-block-button\"><a class=\"wp-block-button__link wp-element-button\" href=\"\/en\/contacto\/\">GET THIS PRODUCT<\/a><\/div>\n<\/div>\n<\/div>\n\n\n\n<div class=\"wp-block-column is-layout-flow wp-block-column-is-layout-flow\"><\/div>\n<\/div>\n<\/div><\/div>\n\n\n\n<div class=\"wp-block-columns is-layout-flex wp-container-core-columns-is-layout-2 wp-block-columns-is-layout-flex\">\n<div class=\"wp-block-column is-layout-flow wp-block-column-is-layout-flow\"><\/div>\n<\/div>\n\n\n\n<div class=\"wp-block-columns cards is-layout-flex wp-container-core-columns-is-layout-3 wp-block-columns-is-layout-flex\">\n<div class=\"wp-block-column is-layout-flow wp-block-column-is-layout-flow\">\n<div class=\"card\">\n  <div class=\"card-front\">\n    <div class=\"icon\"><\/div>\n    <h3>GRAPHS<\/h3>\n  <\/div>\n  <div class=\"card-back\">\n    <p>\n      Visualize your statistical data in the form of charts, tables and graphs.\n    <\/p>\n  <\/div>\n<\/div>\n<\/div>\n\n\n\n<div class=\"wp-block-column is-layout-flow wp-block-column-is-layout-flow\">\n<div class=\"card\">\n  <div class=\"card-front\">\n    <div class=\"icon\"><\/div>\n    <h3>MAPS<\/h3>\n  <\/div>\n  <div class=\"card-back\">\n    <p>\n      Statistical information is linked to the information you can view on the map.\n    <\/p>\n  <\/div>\n<\/div>\n<\/div>\n\n\n\n<div class=\"wp-block-column is-layout-flow wp-block-column-is-layout-flow\">\n<div class=\"card\">\n  <div class=\"card-front\">\n    <div class=\"icon\"><\/div>\n    <h3>FILTERS<\/h3>\n  <\/div>\n  <div class=\"card-back\">\n    <p>\n      You can create filters from the table or the map that will affect your entire dashboard view.\n    <\/p>\n  <\/div>\n<\/div>\n<\/div>\n<\/div>\n\n\n\n<div class=\"wp-block-columns video-geonube is-layout-flex wp-container-core-columns-is-layout-4 wp-block-columns-is-layout-flex\">\n<div class=\"wp-block-column is-layout-flow wp-block-column-is-layout-flow\" style=\"flex-basis:33.33%\">\n<h2 class=\"wp-block-heading\">Metabase<\/h2>\n\n\n\n<p>Metabase is an open-source platform that makes data exploration and visualization easy with interactive dashboards and synchronized filters. It connects seamlessly to databases, enabling custom queries and geographic analyses, while enhancing data quality.<\/p>\n\n\n\n<div class=\"wp-block-buttons is-layout-flex wp-block-buttons-is-layout-flex\">\n<div class=\"wp-block-button\"><a class=\"wp-block-button__link wp-element-button\" href=\"https:\/\/dashboards.geonube.com.ar\/public\/dashboard\/63441f4e-36a7-4820-882d-80545012a5bd?regi%25C3%25B3n=&amp;provincia=\">View Dashboard<\/a><\/div>\n<\/div>\n<\/div>\n\n\n\n<div class=\"wp-block-column is-layout-flow wp-block-column-is-layout-flow\" style=\"flex-basis:66.66%\">\n<figure class=\"wp-block-embed is-type-video is-provider-youtube wp-block-embed-youtube wp-embed-aspect-16-9 wp-has-aspect-ratio\"><div class=\"wp-block-embed__wrapper\">\n<div class='embed-container'><iframe title=\"Panel de Datos con Metabase\" width=\"1920\" height=\"1080\" src=\"https:\/\/www.youtube.com\/embed\/4nUBvfJ3hZE?feature=oembed\" frameborder=\"0\" allow=\"accelerometer; autoplay; clipboard-write; encrypted-media; gyroscope; picture-in-picture; web-share\" referrerpolicy=\"strict-origin-when-cross-origin\" allowfullscreen><\/iframe><\/div>\n<\/div><\/figure>\n<\/div>\n<\/div>\n\n\n\n<div class=\"wp-block-columns video-geonube is-layout-flex wp-container-core-columns-is-layout-5 wp-block-columns-is-layout-flex\">\n<div class=\"wp-block-column is-layout-flow wp-block-column-is-layout-flow\" style=\"flex-basis:33.33%\">\n<h2 class=\"wp-block-heading\">Mapstore<\/h2>\n\n\n\n<p>MapStore is an online map editor that lets you create custom maps without any coding. It integrates with GeoServer, simplifies layer, style, and filter management, and links charts to maintain consistency when applying filters. You can also import and export data, perform visual analyses, and share maps through an intuitive interface.<\/p>\n\n\n\n<div class=\"wp-block-buttons is-layout-flex wp-block-buttons-is-layout-flex\">\n<div class=\"wp-block-button\"><a class=\"wp-block-button__link wp-element-button\" href=\"https:\/\/cambalache.coop.ar\/en\/mapstore\/#\/dashboard\/209\">View Dashboard<\/a><\/div>\n<\/div>\n<\/div>\n\n\n\n<div class=\"wp-block-column is-layout-flow wp-block-column-is-layout-flow\" style=\"flex-basis:66.66%\">\n<figure class=\"wp-block-embed is-type-video is-provider-youtube wp-block-embed-youtube wp-embed-aspect-16-9 wp-has-aspect-ratio\"><div class=\"wp-block-embed__wrapper\">\n<div class='embed-container'><iframe title=\"Panel de Datos con Mapstore\" width=\"1920\" height=\"1080\" src=\"https:\/\/www.youtube.com\/embed\/8OMMt3l__Pw?feature=oembed\" frameborder=\"0\" allow=\"accelerometer; autoplay; clipboard-write; encrypted-media; gyroscope; picture-in-picture; web-share\" referrerpolicy=\"strict-origin-when-cross-origin\" allowfullscreen><\/iframe><\/div>\n<\/div><\/figure>\n<\/div>\n<\/div>\n\n\n\n<p class=\"has-text-align-center proyectos-destacados-title has-large-font-size\">FEATURED PROJECTS<\/p>\n\n\n\n<div class=\"wp-block-columns contenedor-proyectos is-layout-flex wp-container-core-columns-is-layout-7 wp-block-columns-is-layout-flex\">\n<div class=\"wp-block-column is-layout-flow wp-block-column-is-layout-flow\">\n<div class=\"wp-block-columns proyectos-destacados is-layout-flex wp-container-core-columns-is-layout-6 wp-block-columns-is-layout-flex\">\n<div class=\"wp-block-column is-layout-flow wp-block-column-is-layout-flow\">\n<div class=\"wp-block-image destacado\">\n\t<img decoding=\"async\" src=\"https:\/\/cambalache.coop.ar\/wp-content\/uploads\/2024\/10\/destacado2.png\" alt=\"\" class=\"imagen\">\n\t<div class=\"medio\">\n\t\t<div class=\"texto\">\nData and Georeferencing Consultancy with a Gender Perspective in the Dominican Republic and Peru \u2013 Mapping Care<\/br>\n<a href=\"https:\/\/cambalache.coop.ar\/en\/mapeo_de_cuidados_pnud_genero\/\" target=\"_blank\" rel=\"noopener noreferrer\">Read<\/a>\n\t\t<\/div>\n\t<\/div>\n<\/div>\n<\/div>\n\n\n\n<div class=\"wp-block-column is-layout-flow wp-block-column-is-layout-flow\">\n<div class=\"wp-block-image destacado\">\n\t<img decoding=\"async\" src=\"https:\/\/cambalache.coop.ar\/wp-content\/uploads\/2024\/10\/detacado1.png\" alt=\"\" class=\"imagen\">\n\t<div class=\"medio\">\n\t\t<div class=\"texto\">\nSpatial Data Infrastructure (SDI) of the Buenos Aires City Statistics and Census Office, interoperable for internal and external users<\/br>\n<a href=\"https:\/\/cambalache.coop.ar\/en\/infraestructura-de-datos-espaciales-estadistica-y-censos-gcba\/\" target=\"_blank\" rel=\"noopener noreferrer\">Read<\/a>\n\t\t<\/div>\n\t<\/div>\n<\/div>\n<\/div>\n<\/div>\n<\/div>\n<\/div>\n\n\n\n<p class=\"has-text-align-center boton-trabajos translation-block\"><a rel=\"noreferrer noopener\" href=\"https:\/\/cambalache.coop.ar\/en\/tag\/consultoria-sig\/\" target=\"_blank\">See<\/a><a href=\"https:\/\/cambalache.coop.ar\/en\/tag\/consultoria-sig\/\" target=\"_blank\" rel=\"noreferrer noopener\"> <\/a><a rel=\"noreferrer noopener\" href=\"https:\/\/cambalache.coop.ar\/en\/tag\/consultoria-sig\/\" target=\"_blank\">more works<\/a><\/p>\n\n\n\n<div class=\"wp-block-columns tecnologias is-layout-flex wp-container-core-columns-is-layout-9 wp-block-columns-is-layout-flex\">\n<div class=\"wp-block-column is-layout-flow wp-block-column-is-layout-flow\">\n<div class=\"wp-block-columns is-layout-flex wp-container-core-columns-is-layout-8 wp-block-columns-is-layout-flex\">\n<div class=\"wp-block-column is-layout-flow wp-block-column-is-layout-flow\">\n<h3 class=\"wp-block-heading\">TECHNOLOGIES<\/h3>\n\n\n\n<p>We work with Free and Open Source Software, which allows the free installation of software in any work environment.<\/p>\n<\/div>\n\n\n\n<div class=\"wp-block-column is-layout-flow wp-block-column-is-layout-flow\">\n<picture style=\"width: 90%; margin: 0 auto; display: flex;\">\n  <source media=\"(min-width: 768px)\" srcset=\"https:\/\/cambalache.coop.ar\/wp-content\/uploads\/2025\/08\/tec-dashboard.jpg\">\n  <source media=\"(max-width: 769px)\" srcset=\"https:\/\/cambalache.coop.ar\/wp-content\/uploads\/2025\/08\/tec-dashboard-mobile.jpg\">\n  <img decoding=\"async\" src=\"URL_IMAGEN_DEFAULT.jpg\" alt=\"Descripci\u00f3n\">\n<\/picture>\n<\/div>\n<\/div>\n<\/div>\n<\/div>\n\n\n\n<p class=\"has-text-align-center boton-descargar\"><a href=\"https:\/\/cambalache.coop.ar\/files\/dossier.pdf\" target=\"_blank\" rel=\"noreferrer noopener\">DOWNLOAD DOSSIER<\/a><\/p>\n\n\n\n<p><\/p>","protected":false},"excerpt":{"rendered":"<p>GR\u00c1FICOS Visualiza tus datos estad\u00edsticos en forma de cuadros, tablas y gr\u00e1ficos. MAPAS La informaci\u00f3n estad\u00edstica se encuentra enlazada a la informaci\u00f3n que podes visualizar en el mapa. FILTROS Es posible crear filtros desde la tabla o desde el mapa que afectar\u00e1n toda la visualizaci\u00f3n de tu tablero. Metabase Metabase es una plataforma de software&hellip; <br \/> <a class=\"read-more\" href=\"https:\/\/cambalache.coop.ar\/en\/geo-dashboard\/\">Read more<\/a><\/p>","protected":false},"author":1,"featured_media":0,"parent":0,"menu_order":0,"comment_status":"closed","ping_status":"closed","template":"","meta":{"_acf_changed":false,"footnotes":""},"acf":[],"jetpack_sharing_enabled":true,"_links":{"self":[{"href":"https:\/\/cambalache.coop.ar\/en\/wp-json\/wp\/v2\/pages\/4593"}],"collection":[{"href":"https:\/\/cambalache.coop.ar\/en\/wp-json\/wp\/v2\/pages"}],"about":[{"href":"https:\/\/cambalache.coop.ar\/en\/wp-json\/wp\/v2\/types\/page"}],"author":[{"embeddable":true,"href":"https:\/\/cambalache.coop.ar\/en\/wp-json\/wp\/v2\/users\/1"}],"replies":[{"embeddable":true,"href":"https:\/\/cambalache.coop.ar\/en\/wp-json\/wp\/v2\/comments?post=4593"}],"version-history":[{"count":27,"href":"https:\/\/cambalache.coop.ar\/en\/wp-json\/wp\/v2\/pages\/4593\/revisions"}],"predecessor-version":[{"id":5722,"href":"https:\/\/cambalache.coop.ar\/en\/wp-json\/wp\/v2\/pages\/4593\/revisions\/5722"}],"wp:attachment":[{"href":"https:\/\/cambalache.coop.ar\/en\/wp-json\/wp\/v2\/media?parent=4593"}],"curies":[{"name":"wp","href":"https:\/\/api.w.org\/{rel}","templated":true}]}}