{"id":47,"date":"2020-05-19T16:02:05","date_gmt":"2020-05-19T19:02:05","guid":{"rendered":"https:\/\/cambalache.coop.ar\/wordpress\/mesmerize\/"},"modified":"2024-10-16T21:14:39","modified_gmt":"2024-10-17T00:14:39","slug":"mesmerize","status":"publish","type":"page","link":"https:\/\/cambalache.coop.ar\/en\/mesmerize\/","title":{"rendered":"Front Page"},"content":{"rendered":"<div  data-label=\"que hacemos\" data-id=\"features--2\" data-export-id=\"features-13-card-bordered\" data-category=\"features\" class=\"features-13 content-section content-section-spacing\" id=\"que-hacemos\" style=\"background-color: rgb(255, 255, 255);\"><div  class=\"gridContainer\"> <div  class=\"row text-center\"><div  class=\"section-title-col\" data-type=\"column\"> <h2  class=\"\">\u00bfQU\u00c9 HACEMOS?<\/h2> <\/div> <\/div> <div  class=\"row spaced-cols center-sm\" data-type=\"row\"> <div  class=\"col-sm-4 col-md-6\"> <div  class=\"card bordered y-move\" data-type=\"column\"> <a data-cp-link=\"1\" href=\"https:\/\/cambalache.coop.ar\/en\/soluciones-sig\/\" class=\"\" target=\"_self\" rel=\"noopener noreferrer\"><i  class=\"fa icon color1 fa-gears reverse round big\"><\/i><\/a> <h4  class=\"\">GIS SOLUTIONS<\/h4> <p  class=\"\">We offer solutions in the implementation and maintenance of Geographic Information Systems (GIS), identifying the needs of each organization and designing a customized solution.\n<br ><br >\n\n<\/p> <\/div> <\/div>  <div  class=\"col-sm-4 col-md-6\"> <div  class=\"card bordered y-move\" data-type=\"column\">  <a data-cp-link=\"1\" href=\"https:\/\/cambalache.coop.ar\/en\/capacitaciones\/\" class=\"\" target=\"_self\" rel=\"noopener noreferrer\"><i  class=\"fa icon color1 fa-book reverse round big\"><\/i><\/a><h4  class=\"\">TRAININGS<\/h4> <p  class=\"\">Consideramos fundamental la independencia en la administraci\u00f3n y gesti\u00f3n de la informaci\u00f3n, por eso ofrecemos distintas instancias de capacitaci\u00f3n, presenciales y virtuales (desde nuestra Aula Virtual) en Sistemas de Informaci\u00f3n Geogr\u00e1fica (SIG), Base de datos espaciales, Servidores de mapas, Im\u00e1genes satelitales y mucho m\u00e1s!<\/p> <\/div> <\/div><\/div> <\/div><\/div><div  data-label=\"Clients\" data-id=\"clients--1\" data-export-id=\"clients-4\" data-category=\"clients\" class=\"clients-4 content-section content-section-spacing-small\" id=\"clients-1\" style=\"background-color: rgb(255, 255, 255);\"><div  class=\"gridContainer\"> <div  class=\"row\"><div  data-type=\"column\" class=\"section-title-col\"> <h2  class=\"font-700\">CONFIAN EN NOSOTRXS\n<\/h2> <\/div> <\/div> <div  data-type=\"row\" class=\"row spaced-cols middle-xs center-xs space-bottom padding-lr\">  <div  class=\"col-xs-6 col-sm-2 col-md-2\"> <img  decoding=\"async\" src=\"https:\/\/cambalache.coop.ar\/wp-content\/uploads\/2020\/06\/PNUD.png\" class=\"\" alt=\"\" title=\"PNUD\"><\/div><div  class=\"col-xs-6 col-sm-2 col-md-2\"> <img  decoding=\"async\" src=\"https:\/\/cambalache.coop.ar\/wp-content\/uploads\/2020\/06\/CEPAL.png\" class=\"\" alt=\"\" title=\"CEPAL\"><\/div>  <div  class=\"col-xs-6 col-sm-2 col-md-2\"> <img  decoding=\"async\" src=\"https:\/\/cambalache.coop.ar\/wp-content\/uploads\/2020\/06\/cfi.png\" class=\"\" alt=\"\" title=\"cfi\"><\/div><div  class=\"col-xs-6 col-sm-2 col-md-2\"> <img  decoding=\"async\" src=\"https:\/\/cambalache.coop.ar\/wp-content\/uploads\/2023\/01\/cropped-CAF-removebg-preview-1.png\" class=\"\" alt=\"\" title=\"cropped-CAF-removebg-preview-1.png\"><\/div><div  class=\"col-xs-6 col-sm-2 col-md-2\"><img  decoding=\"async\" class=\"custom-image\" src=\"https:\/\/cambalache.coop.ar\/wp-content\/uploads\/2023\/01\/cropped-min_salud-removebg-preview.png\" alt=\"\" title=\"cropped-min_salud-removebg-preview.png\"> <\/div><div  class=\"col-xs-6 col-sm-2 col-md-2\"> <img  decoding=\"async\" src=\"https:\/\/cambalache.coop.ar\/wp-content\/uploads\/2021\/10\/min_mujeres_generos_diversidad.png\" class=\"\" alt=\"\" title=\"min_mujeres_generos_diversidad\"><\/div><div  class=\"col-xs-6 col-sm-2 col-md-2\"> <img  decoding=\"async\" src=\"https:\/\/cambalache.coop.ar\/wp-content\/uploads\/2021\/10\/min_desarrollo_productivo.png\" class=\"\" alt=\"\" title=\"min_desarrollo_productivo\"><\/div><div  class=\"col-xs-6 col-sm-2 col-md-2\"> <img  decoding=\"async\" src=\"https:\/\/cambalache.coop.ar\/wp-content\/uploads\/2021\/10\/min_trabajo.png\" class=\"\" alt=\"\" title=\"min_trabajo\"><\/div> <div  class=\"col-xs-6 col-sm-2 col-md-2\"><img  decoding=\"async\" class=\"custom-image\" src=\"https:\/\/cambalache.coop.ar\/wp-content\/uploads\/2020\/06\/cropped-inta.jpg\" alt=\"\" title=\"cropped-inta.jpg\"> <\/div><div  class=\"col-xs-6 col-sm-2 col-md-2\"> <img  decoding=\"async\" src=\"https:\/\/cambalache.coop.ar\/wp-content\/uploads\/2023\/01\/cropped-cepau-removebg-preview.png\" class=\"\" alt=\"\" title=\"cropped-cepau-removebg-preview.png\"><\/div><div  class=\"col-xs-6 col-sm-2 col-md-2\"> <img  decoding=\"async\" src=\"https:\/\/cambalache.coop.ar\/wp-content\/uploads\/2023\/01\/cropped-jst-removebg-preview.png\" class=\"\" alt=\"\" title=\"cropped-jst-removebg-preview.png\"><\/div><div  class=\"col-xs-6 col-sm-2 col-md-2\"><img  decoding=\"async\" class=\"custom-image\" src=\"https:\/\/cambalache.coop.ar\/wp-content\/uploads\/2020\/06\/bsas_ciudad.jpg\" alt=\"\" title=\"bsas_ciudad\"> <\/div><div  class=\"col-xs-6 col-sm-2 col-md-2\"> <img  decoding=\"async\" src=\"https:\/\/cambalache.coop.ar\/wp-content\/uploads\/2021\/10\/pcia_bs_as.png\" class=\"\" alt=\"\" title=\"pcia_bs_as\"><\/div><div  class=\"col-xs-6 col-sm-2 col-md-2\"><img  decoding=\"async\" class=\"custom-image\" src=\"https:\/\/cambalache.coop.ar\/wp-content\/uploads\/2020\/06\/cropped-chaco_gob.jpg\" alt=\"\" title=\"cropped-chaco_gob.jpg\"> <\/div><div  class=\"col-xs-6 col-sm-2 col-md-2\"> <img  decoding=\"async\" src=\"https:\/\/cambalache.coop.ar\/wp-content\/uploads\/2020\/06\/RIONEGRO.png\" class=\"\" alt=\"\" title=\"RIONEGRO\"><\/div><div  class=\"col-xs-6 col-sm-2 col-md-2\"><img  decoding=\"async\" class=\"custom-image\" src=\"https:\/\/cambalache.coop.ar\/wp-content\/uploads\/2023\/01\/cropped-ConLogo250x60.png\" alt=\"\" title=\"cropped-ConLogo250x60.png\"> <\/div><div  class=\"col-xs-6 col-sm-2 col-md-2\"> <img  decoding=\"async\" src=\"https:\/\/cambalache.coop.ar\/wp-content\/uploads\/2023\/01\/cropped-DFDP-removebg-preview.png\" class=\"\" alt=\"\" title=\"cropped-DFDP-removebg-preview.png\"><\/div><div  class=\"col-xs-6 col-sm-2 col-md-2\"> <img  decoding=\"async\" src=\"https:\/\/cambalache.coop.ar\/wp-content\/uploads\/2023\/01\/cropped-ICIUDAD-removebg-preview.png\" class=\"\" alt=\"\" title=\"cropped-ICIUDAD-removebg-preview.png\"><\/div>  <div  class=\"col-xs-6 col-sm-2 col-md-2\"><img  decoding=\"async\" class=\"custom-image\" src=\"https:\/\/cambalache.coop.ar\/wp-content\/uploads\/2020\/06\/uba.jpg\" alt=\"\" title=\"uba\"> <\/div><div  class=\"col-xs-6 col-sm-2 col-md-2\"><img  decoding=\"async\" class=\"custom-image\" src=\"https:\/\/cambalache.coop.ar\/wp-content\/uploads\/2020\/06\/unsam.jpg\" alt=\"\" title=\"unsam\"> <\/div><div  class=\"col-xs-6 col-sm-2 col-md-2\"> <img  decoding=\"async\" src=\"https:\/\/cambalache.coop.ar\/wp-content\/uploads\/2021\/10\/UNLAM.jpg\" class=\"\" alt=\"\" title=\"UNLAM\"><\/div><div  class=\"col-xs-6 col-sm-2 col-md-2\"><img  decoding=\"async\" class=\"custom-image\" src=\"https:\/\/cambalache.coop.ar\/wp-content\/uploads\/2020\/06\/cropped-unpl.jpg\" alt=\"\" title=\"cropped-unpl.jpg\"> <\/div><div  class=\"col-xs-6 col-sm-2 col-md-2\"> <img  decoding=\"async\" src=\"https:\/\/cambalache.coop.ar\/wp-content\/uploads\/2023\/01\/cropped-unicen-removebg-preview.png\" class=\"\" alt=\"\" title=\"cropped-unicen-removebg-preview.png\"><\/div><div  class=\"col-xs-6 col-sm-2 col-md-2\"> <img  decoding=\"async\" src=\"https:\/\/cambalache.coop.ar\/wp-content\/uploads\/2020\/06\/AVELLANEDA.png\" class=\"\" alt=\"\" title=\"AVELLANEDA\"><\/div><div  class=\"col-xs-6 col-sm-2 col-md-2\"><img  decoding=\"async\" class=\"custom-image\" src=\"https:\/\/cambalache.coop.ar\/wp-content\/uploads\/2020\/06\/cropped-ungs.jpg\" alt=\"\" title=\"cropped-ungs.jpg\"> <\/div><div  class=\"col-xs-6 col-sm-2 col-md-2\"> <img  decoding=\"async\" src=\"https:\/\/cambalache.coop.ar\/wp-content\/uploads\/2023\/01\/cropped-utn_stacruz-removebg-preview.png\" class=\"\" alt=\"\" title=\"cropped-utn_stacruz-removebg-preview.png\"><\/div><div  class=\"col-xs-6 col-sm-2 col-md-2\"><img  decoding=\"async\" class=\"custom-image\" src=\"https:\/\/cambalache.coop.ar\/wp-content\/uploads\/2020\/06\/ccrojas.jpg\" alt=\"\" title=\"ccrojas\"> <\/div><div  class=\"col-xs-6 col-sm-2 col-md-2\"> <img  decoding=\"async\" src=\"https:\/\/cambalache.coop.ar\/wp-content\/uploads\/2023\/01\/cropped-aysa-removebg-preview.png\" class=\"\" alt=\"\" title=\"cropped-aysa-removebg-preview.png\"><\/div><div  class=\"col-xs-6 col-sm-2 col-md-2\"> <img  decoding=\"async\" src=\"https:\/\/cambalache.coop.ar\/wp-content\/uploads\/2021\/10\/jmb.png\" class=\"\" alt=\"\" title=\"jmb\"><\/div><div  class=\"col-xs-6 col-sm-2 col-md-2\"><img  decoding=\"async\" class=\"custom-image\" src=\"https:\/\/cambalache.coop.ar\/wp-content\/uploads\/2020\/06\/redaf.png\" alt=\"\" title=\"redaf\"> <\/div><div  class=\"col-xs-6 col-sm-2 col-md-2\"><img  decoding=\"async\" class=\"custom-image\" src=\"https:\/\/cambalache.coop.ar\/wp-content\/uploads\/2020\/06\/cropped-pago_wu.jpg\" alt=\"\" title=\"cropped-pago_wu.jpg\"> <\/div><div  class=\"col-xs-6 col-sm-2 col-md-2\"><img  decoding=\"async\" class=\"custom-image\" src=\"https:\/\/cambalache.coop.ar\/wp-content\/uploads\/2020\/06\/cropped-solbayres.jpg\" alt=\"\" title=\"cropped-solbayres.jpg\"> <\/div><div  class=\"col-xs-6 col-sm-2 col-md-2\"> <img  decoding=\"async\" src=\"https:\/\/cambalache.coop.ar\/wp-content\/uploads\/2023\/01\/cropped-formagro-1.png\" class=\"\" alt=\"\" title=\"cropped-formagro-1.png\"><\/div><\/div><\/div> <\/div>","protected":false},"excerpt":{"rendered":"<p>\u00bfQU\u00c9 HACEMOS? Soluciones SIG Ofrecemos soluciones en implementaci\u00f3n y mantenimiento de Sistemas de Informaci\u00f3n Geogr\u00e1fica (SIG), identificando la necesidad de cada organizaci\u00f3n y dise\u00f1ando una soluci\u00f3n a medida. Capacitaciones Consideramos fundamental la independencia en la administraci\u00f3n y gesti\u00f3n de la informaci\u00f3n, por eso ofrecemos distintas instancias de capacitaci\u00f3n, presenciales y virtuales (desde nuestra Aula Virtual)&hellip; <br \/> <a class=\"read-more\" href=\"https:\/\/cambalache.coop.ar\/en\/mesmerize\/\">Read more<\/a><\/p>","protected":false},"author":3,"featured_media":0,"parent":0,"menu_order":0,"comment_status":"closed","ping_status":"closed","template":"page-templates\/homepage.php","meta":{"_acf_changed":false,"footnotes":""},"acf":[],"jetpack_sharing_enabled":true,"_links":{"self":[{"href":"https:\/\/cambalache.coop.ar\/en\/wp-json\/wp\/v2\/pages\/47"}],"collection":[{"href":"https:\/\/cambalache.coop.ar\/en\/wp-json\/wp\/v2\/pages"}],"about":[{"href":"https:\/\/cambalache.coop.ar\/en\/wp-json\/wp\/v2\/types\/page"}],"author":[{"embeddable":true,"href":"https:\/\/cambalache.coop.ar\/en\/wp-json\/wp\/v2\/users\/3"}],"replies":[{"embeddable":true,"href":"https:\/\/cambalache.coop.ar\/en\/wp-json\/wp\/v2\/comments?post=47"}],"version-history":[{"count":125,"href":"https:\/\/cambalache.coop.ar\/en\/wp-json\/wp\/v2\/pages\/47\/revisions"}],"predecessor-version":[{"id":3864,"href":"https:\/\/cambalache.coop.ar\/en\/wp-json\/wp\/v2\/pages\/47\/revisions\/3864"}],"wp:attachment":[{"href":"https:\/\/cambalache.coop.ar\/en\/wp-json\/wp\/v2\/media?parent=47"}],"curies":[{"name":"wp","href":"https:\/\/api.w.org\/{rel}","templated":true}]}}