{"id":5075,"date":"2024-12-26T12:25:16","date_gmt":"2024-12-26T15:25:16","guid":{"rendered":"https:\/\/cambalache.coop.ar\/?page_id=5075"},"modified":"2025-01-02T14:51:24","modified_gmt":"2025-01-02T17:51:24","slug":"preinscripcion-a-los-cursos-con-tutoria","status":"publish","type":"page","link":"https:\/\/cambalache.coop.ar\/en\/preinscripcion-a-los-cursos-con-tutoria\/","title":{"rendered":"Preinscripci\u00f3n a los <br>Cursos con Tutor\u00eda"},"content":{"rendered":"<div data-elementor-type=\"wp-page\" data-elementor-id=\"5075\" class=\"elementor elementor-5075\" data-elementor-post-type=\"page\">\n\t\t\t\t<div class=\"elementor-element elementor-element-9cec09b e-flex e-con-boxed e-con e-parent\" data-id=\"9cec09b\" data-element_type=\"container\">\n\t\t\t\t\t<div class=\"e-con-inner\">\n\t\t\t\t<div class=\"elementor-element elementor-element-30bfaf4 elementor-widget elementor-widget-text-editor\" data-id=\"30bfaf4\" data-element_type=\"widget\" data-widget_type=\"text-editor.default\">\n\t\t\t\t<div class=\"elementor-widget-container\">\n\t\t\t\t\t\t\t\t\t<p>Este formulario es una preinscripci\u00f3n a los cursos con tutor\u00eda que tendr\u00e1n lugar durante el <strong>2025.<\/strong>\u00a0\u00c9stos cursos tienen un seguimiento personalizado con clases en vivo una vez a la semana, cada estudiante entrega semanalmente actividades que son corregidas por alg\u00fan\/na docente.<\/p><p style=\"text-align: center;\"><strong>La preinscripci\u00f3n a los cursos no garantiza su apertura definitiva<\/strong>. La confirmaci\u00f3n de la realizaci\u00f3n de cada curso estar\u00e1 sujeta a la decisi\u00f3n final de CAMBALACHE, basada en la cantidad de preinscripciones y otros criterios organizativos. Una vez definida la apertura, nos pondremos en contacto para confirmar tu inscripci\u00f3n y brindarte todos los detalles.<\/p><p style=\"text-align: center;\"><b>Si tenes m\u00e1s dudas o consultas podes escribir a: hola@escueladesig.com.ar o a nuestros WhatsApp +549112607-5602<\/b><\/p>\t\t\t\t\t\t\t\t<\/div>\n\t\t\t\t<\/div>\n\t\t\t\t\t<\/div>\n\t\t\t\t<\/div>\n\t\t<div class=\"elementor-element elementor-element-21ea4c9 e-flex e-con-boxed e-con e-parent\" data-id=\"21ea4c9\" data-element_type=\"container\">\n\t\t\t\t\t<div class=\"e-con-inner\">\n\t\t\t\t<div class=\"elementor-element elementor-element-1d6c4e0 elementor-widget elementor-widget-formidable\" data-id=\"1d6c4e0\" data-element_type=\"widget\" data-widget_type=\"formidable.default\">\n\t\t\t\t<div class=\"elementor-widget-container\">\n\t\t\t\t\t<p>En este momento la preinscripci\u00f3n se encuentra deshabilitada.<\/p>\t\t\t\t<\/div>\n\t\t\t\t<\/div>\n\t\t\t\t\t<\/div>\n\t\t\t\t<\/div>\n\t\t\t\t<\/div>","protected":false},"excerpt":{"rendered":"<p>Este formulario es una preinscripci\u00f3n a los cursos con tutor\u00eda que tendr\u00e1n lugar durante el 2025.\u00a0\u00c9stos cursos tienen un seguimiento personalizado con clases en vivo una vez a la semana, cada estudiante entrega semanalmente actividades que son corregidas por alg\u00fan\/na docente. La preinscripci\u00f3n a los cursos no garantiza su apertura definitiva. La confirmaci\u00f3n de la&hellip; <br \/> <a class=\"read-more\" href=\"https:\/\/cambalache.coop.ar\/en\/preinscripcion-a-los-cursos-con-tutoria\/\">Read more<\/a><\/p>","protected":false},"author":5,"featured_media":0,"parent":0,"menu_order":0,"comment_status":"closed","ping_status":"closed","template":"","meta":{"_acf_changed":false,"footnotes":""},"acf":[],"jetpack_sharing_enabled":true,"_links":{"self":[{"href":"https:\/\/cambalache.coop.ar\/en\/wp-json\/wp\/v2\/pages\/5075"}],"collection":[{"href":"https:\/\/cambalache.coop.ar\/en\/wp-json\/wp\/v2\/pages"}],"about":[{"href":"https:\/\/cambalache.coop.ar\/en\/wp-json\/wp\/v2\/types\/page"}],"author":[{"embeddable":true,"href":"https:\/\/cambalache.coop.ar\/en\/wp-json\/wp\/v2\/users\/5"}],"replies":[{"embeddable":true,"href":"https:\/\/cambalache.coop.ar\/en\/wp-json\/wp\/v2\/comments?post=5075"}],"version-history":[{"count":44,"href":"https:\/\/cambalache.coop.ar\/en\/wp-json\/wp\/v2\/pages\/5075\/revisions"}],"predecessor-version":[{"id":5174,"href":"https:\/\/cambalache.coop.ar\/en\/wp-json\/wp\/v2\/pages\/5075\/revisions\/5174"}],"wp:attachment":[{"href":"https:\/\/cambalache.coop.ar\/en\/wp-json\/wp\/v2\/media?parent=5075"}],"curies":[{"name":"wp","href":"https:\/\/api.w.org\/{rel}","templated":true}]}}