{"id":5256,"date":"2025-04-09T13:47:51","date_gmt":"2025-04-09T16:47:51","guid":{"rendered":"https:\/\/cambalache.coop.ar\/?page_id=5256"},"modified":"2025-06-23T14:47:24","modified_gmt":"2025-06-23T17:47:24","slug":"registro-geonube-free","status":"publish","type":"page","link":"https:\/\/cambalache.coop.ar\/en\/registro-geonube-free\/","title":{"rendered":"Registro GeoNube Free"},"content":{"rendered":"\n<p><strong>Tu espacio gratuito en la nube para trabajar con datos geogr\u00e1ficos, de forma simple y segura.<\/strong><\/p>\n\n\n\n<p>En Cambalache creemos que el conocimiento geogr\u00e1fico debe estar al alcance de m\u00e1s personas, colectivos, equipos de investigaci\u00f3n y organizaciones que trabajan con el territorio. Por eso, lanzamos <strong>GeoNube Free<\/strong>, una versi\u00f3n gratuita de nuestra GeoNube.<\/p>\n\n\n\n<p>Complet\u00e1 este formulario y activ\u00e1 tu GeoNube Free<\/p>\n\n\n<div class=\"frm_forms  with_frm_style frm_style_formidable-style\" id=\"frm_form_10_container\" data-token=\"dcbe3ed9bd14b764f4013bc4338baeb4\">\n<form enctype=\"multipart\/form-data\" method=\"post\" class=\"frm-show-form  frm_pro_form \" id=\"form_inscripcion-a-geonube-free\" data-token=\"dcbe3ed9bd14b764f4013bc4338baeb4\">\n<div class=\"frm_form_fields \">\n<fieldset>\n<legend class=\"frm_screen_reader\">Inscripci\u00f3n a GeoNube Free<\/legend>\r\n\r\n<div class=\"frm_fields_container\">\n<input type=\"hidden\" name=\"frm_action\" value=\"create\" \/>\n<input type=\"hidden\" name=\"form_id\" value=\"10\" \/>\n<input type=\"hidden\" name=\"frm_hide_fields_10\" id=\"frm_hide_fields_10\" value=\"\" \/>\n<input type=\"hidden\" name=\"form_key\" value=\"inscripcion-a-geonube-free\" \/>\n<input type=\"hidden\" name=\"item_meta[0]\" value=\"\" \/>\n<input type=\"hidden\" id=\"frm_submit_entry_10\" name=\"frm_submit_entry_10\" value=\"2c41e2199a\" \/><input type=\"hidden\" name=\"_wp_http_referer\" value=\"\/en\/wp-json\/wp\/v2\/pages\/5256\" \/><div id=\"frm_field_103_container\" class=\"frm_form_field form-field  frm_required_field frm_top_container frm6 frm_first\">\r\n\t<label for=\"field_5epzq\" id=\"field_5epzq_label\" class=\"frm_primary_label\">Nombre\r\n\t\t<span class=\"frm_required\" aria-hidden=\"true\">*<\/span>\r\n\t<\/label>\r\n\t<input type=\"text\" id=\"field_5epzq\" name=\"item_meta[103]\" value=\"\"  data-reqmsg=\"El campo no puede estar vac\u00edo.\" aria-required=\"true\" data-invmsg=\"Nombre is invalid\" aria-invalid=\"false\"  \/>\r\n\t\r\n\t\r\n<\/div>\n<div id=\"frm_field_109_container\" class=\"frm_form_field form-field  frm_required_field frm_top_container frm6\">\r\n\t<label for=\"field_mm74z\" id=\"field_mm74z_label\" class=\"frm_primary_label\">Apellido\r\n\t\t<span class=\"frm_required\" aria-hidden=\"true\">*<\/span>\r\n\t<\/label>\r\n\t<input type=\"text\" id=\"field_mm74z\" name=\"item_meta[109]\" value=\"\"  data-reqmsg=\"El campo no puede estar vac\u00edo.\" aria-required=\"true\" data-invmsg=\"Apellido is invalid\" aria-invalid=\"false\"  \/>\r\n\t\r\n\t\r\n<\/div>\n<div id=\"frm_field_105_container\" class=\"frm_form_field form-field  frm_required_field frm_top_container frm12 frm_first\">\r\n\t<label for=\"field_c4q3p\" id=\"field_c4q3p_label\" class=\"frm_primary_label\">Correo electr\u00f3nico de contacto\r\n\t\t<span class=\"frm_required\" aria-hidden=\"true\">*<\/span>\r\n\t<\/label>\r\n\t<input type=\"email\" id=\"field_c4q3p\" name=\"item_meta[105]\" value=\"\" autocomplete=\"email\" data-reqmsg=\"El campo no puede estar vac\u00edo.\" aria-required=\"true\" data-invmsg=\"Correo electr\u00f3nico de contacto is invalid\" aria-invalid=\"false\"  \/>\r\n\t\r\n\t\r\n<\/div>\n<div id=\"frm_field_conf_105_container\" class=\"frm_form_field frm_hidden_container frm_conf_field form-field  frm_required_field frm_top_container frm12 \">\r\n\t<label for=\"field_conf_c4q3p\" id=\"field_conf_c4q3p_label\" class=\"frm_conf_label frm_primary_label\">Confirm Correo electr\u00f3nico de contacto\r\n\t\t<span class=\"frm_required\" aria-hidden=\"true\">*<\/span>\r\n\t<\/label>\r\n\t<input type=\"email\" id=\"field_conf_c4q3p\" name=\"item_meta[conf_105]\" value=\"\" autocomplete=\"email\" placeholder=\"Confirmar correo\" data-reqmsg=\"El campo no puede estar vac\u00edo.\" aria-required=\"true\" data-confmsg=\"The entered values do not match\" data-invmsg=\"Confirm Correo electr\u00f3nico de contacto is invalid\" aria-invalid=\"false\"  \/>\r\n\t\r\n\t\r\n<\/div>\n<div id=\"frm_field_110_container\" class=\"frm_form_field form-field  frm_required_field frm_top_container frm6 frm_first\">\r\n\t<label for=\"field_f43ld\" id=\"field_f43ld_label\" class=\"frm_primary_label\">Tel\u00e9fono de contacto\r\n\t\t<span class=\"frm_required\" aria-hidden=\"true\">*<\/span>\r\n\t<\/label>\r\n\t<input type=\"text\" id=\"field_f43ld\" name=\"item_meta[110]\" value=\"\"  data-reqmsg=\"El campo no puede estar vac\u00edo.\" aria-required=\"true\" data-invmsg=\"Tel\u00e9fono de contacto is invalid\" aria-invalid=\"false\"  \/>\r\n\t\r\n\t\r\n<\/div>\n<div id=\"frm_field_111_container\" class=\"frm_form_field form-field  frm_top_container frm6\">\r\n\t<label for=\"field_pvj2h\" id=\"field_pvj2h_label\" class=\"frm_primary_label\">Organizaci\u00f3n \/ Instituci\u00f3n\r\n\t\t<span class=\"frm_required\" aria-hidden=\"true\"><\/span>\r\n\t<\/label>\r\n\t<input type=\"text\" id=\"field_pvj2h\" name=\"item_meta[111]\" value=\"\"  data-invmsg=\"Organizaci\u00f3n \/ Instituci\u00f3n is invalid\" aria-invalid=\"false\"  \/>\r\n\t\r\n\t\r\n<\/div>\n<div id=\"frm_field_108_container\" class=\"frm_form_field form-field  frm_required_field frm_top_container frm12 frm_first\">\r\n\t<label for=\"field_xudg1\" id=\"field_xudg1_label\" class=\"frm_primary_label\">\u00bfPara qu\u00e9 vas a usar GeoNube?, \u00a1cont\u00e1nos sobre tu proyecto!\r\n\t\t<span class=\"frm_required\" aria-hidden=\"true\">*<\/span>\r\n\t<\/label>\r\n\t<textarea name=\"item_meta[108]\" id=\"field_xudg1\" rows=\"5\"  data-reqmsg=\"El campo no puede estar vac\u00edo.\" aria-required=\"true\" data-invmsg=\"\u00bfPara qu\u00e9 vas a usar GeoNube?, \u00a1cont\u00e1nos sobre tu proyecto! is invalid\" aria-invalid=\"false\"  ><\/textarea>\r\n\t\r\n\t\r\n<\/div>\n<div id=\"frm_field_112_container\" class=\"frm_form_field form-field  frm_required_field frm_top_container frm6 frm_first\">\r\n\t<label for=\"field_dmzoq\" id=\"field_dmzoq_label\" class=\"frm_primary_label\">\u00bfTen\u00e9s experiencia en SIG?\r\n\t\t<span class=\"frm_required\" aria-hidden=\"true\">*<\/span>\r\n\t<\/label>\r\n\t\t\t<select name=\"item_meta[112]\" id=\"field_dmzoq\"  data-frmval=\"Nada\" data-reqmsg=\"El campo no puede estar vac\u00edo.\" aria-required=\"true\" data-invmsg=\"\u00bfTen\u00e9s experiencia en SIG? is invalid\" aria-invalid=\"false\"  >\n\t\t<option  value=\"Nada\" selected='selected'>Nada<\/option><option  value=\"Algo\">Algo<\/option><option  value=\"Bastante\">Bastante<\/option>\t<\/select>\n\t\r\n\t\r\n\t\r\n<\/div>\n<div id=\"frm_field_113_container\" class=\"frm_form_field form-field  frm_required_field frm_top_container frm6\">\r\n\t<label for=\"field_1yap3\" id=\"field_1yap3_label\" class=\"frm_primary_label\">\u00bfQuer\u00e9s recibir noticias, recursos y lanzamientos de  Cambalache?\r\n\t\t<span class=\"frm_required\" aria-hidden=\"true\">*<\/span>\r\n\t<\/label>\r\n\t\t\t<select name=\"item_meta[113]\" id=\"field_1yap3\"  data-frmval=\"Si\" data-reqmsg=\"El campo no puede estar vac\u00edo.\" aria-required=\"true\" data-invmsg=\"\u00bfQuer\u00e9s recibir noticias, recursos y lanzamientos de  Cambalache? is invalid\" aria-invalid=\"false\"  >\n\t\t<option  value=\"Si\" selected='selected'>Si<\/option><option  value=\"No\">No<\/option>\t<\/select>\n\t\r\n\t\r\n\t\r\n<\/div>\n<div id=\"frm_field_114_container\" class=\"frm_form_field form-field  frm_required_field frm_top_container frm12 frm_first\">\r\n\t<label for=\"field_10v0v\" id=\"field_10v0v_label\" class=\"frm_primary_label\">\u00bfAceptas la difusi\u00f3n por parte de CAMBALACHE de tu proyecto en GeoNube Free a trav\u00e9s de nuestros canales de comunicaci\u00f3n?\r\n\t\t<span class=\"frm_required\" aria-hidden=\"true\">*<\/span>\r\n\t<\/label>\r\n\t\t\t<select name=\"item_meta[114]\" id=\"field_10v0v\"  data-frmval=\"Si\" data-reqmsg=\"El campo no puede estar vac\u00edo.\" aria-required=\"true\" data-invmsg=\"\u00bfAceptas la difusi\u00f3n por parte de CAMBALACHE de tu proyecto en GeoNube Free a trav\u00e9s de nuestros canales de comunicaci\u00f3n? is invalid\" aria-invalid=\"false\"  >\n\t\t<option  value=\"Si\" selected='selected'>Si<\/option><option  value=\"No\">No<\/option>\t<\/select>\n\t\r\n\t\r\n\t\r\n<\/div>\n<div id=\"frm_field_116_container\" class=\"frm_form_field form-field  frm_required_field frm_top_container vertical_radio\">\r\n\t<div  id=\"field_1hnrd_label\" class=\"frm_primary_label\"><a href=\"#wow-modal-id-2\">Ver Bases y condiciones<\/a>\r\n\t\t<span class=\"frm_required\" aria-hidden=\"true\">*<\/span>\r\n\t<\/div>\r\n\t<div class=\"frm_opt_container\" aria-labelledby=\"field_1hnrd_label\" role=\"group\">\t\t<div class=\"frm_checkbox\" id=\"frm_checkbox_116-0\">\t\t\t<label  for=\"field_1hnrd-0\">\n\t\t\t<input type=\"checkbox\" name=\"item_meta[116][]\" id=\"field_1hnrd-0\" value=\"Acepto las Bases y condiciones\"  data-reqmsg=\"El campo no puede estar vac\u00edo.\" data-invmsg=\"&lt;a href=&quot;#wow-modal-id-2&quot;&gt;Ver Bases y condiciones&lt;\/a&gt; is invalid\"   aria-required=\"true\"  \/> Acepto las Bases y condiciones<\/label><\/div>\n<\/div>\r\n\t\r\n\t\r\n<\/div>\n<div id=\"frm_field_106_container\" class=\"frm_form_field form-field  frm_none_container\">\r\n\t<label for=\"g-recaptcha-response\" id=\"field_tr9a8_label\" class=\"frm_primary_label\">\r\n\t\t<span class=\"frm_required\" aria-hidden=\"true\"><\/span>\r\n\t<\/label>\r\n\t<div  id=\"field_tr9a8\" class=\"frm-g-recaptcha\" data-sitekey=\"6Ldh23sUAAAAAF2YwbKI63KGXIV-g5kVpoKiyU95\" data-size=\"normal\" data-theme=\"light\"><\/div>\r\n\t\r\n\t\r\n<\/div>\n<div id=\"frm_field_102_container\" class=\"frm_form_field form-field \">\r\n\t<div class=\"frm_submit frm_flex\">\r\n<button class=\"frm_button_submit frm_final_submit\" type=\"submit\"   formnovalidate=\"formnovalidate\">Enviar<\/button>\r\n\r\n\r\n\r\n<\/div>\r\n<\/div>\n\t<input type=\"hidden\" name=\"item_key\" value=\"\" \/>\n\t\t\t<div id=\"frm_field_122_container\">\n\t\t\t<label for=\"field_hubbh\" >\n\t\t\t\tIf you are human, leave this field blank.\t\t\t<\/label>\n\t\t\t<input  id=\"field_hubbh\" type=\"text\" class=\"frm_form_field form-field frm_verify\" name=\"item_meta[122]\" value=\"\"  \/>\n\t\t<\/div>\n\t\t<input name=\"frm_state\" type=\"hidden\" value=\"A2psTUDMp06bRqfV\/7TA+Wx5YaGmJ8xwj9OB3dHJIFBnD4CpkHuuENU3tFwBgqeL\" \/><\/div>\n<\/fieldset>\n<\/div>\n\n<\/form>\n<\/div>\n\n\n\n<p><\/p>\n","protected":false},"excerpt":{"rendered":"<p>Tu espacio gratuito en la nube para trabajar con datos geogr\u00e1ficos, de forma simple y segura. En Cambalache creemos que el conocimiento geogr\u00e1fico debe estar al alcance de m\u00e1s personas, colectivos, equipos de investigaci\u00f3n y organizaciones que trabajan con el territorio. Por eso, lanzamos GeoNube Free, una versi\u00f3n gratuita de nuestra GeoNube. Complet\u00e1 este formulario&hellip; <br \/> <a class=\"read-more\" href=\"https:\/\/cambalache.coop.ar\/en\/registro-geonube-free\/\">Read more<\/a><\/p>","protected":false},"author":1,"featured_media":0,"parent":0,"menu_order":0,"comment_status":"closed","ping_status":"closed","template":"","meta":{"_acf_changed":false,"footnotes":""},"acf":[],"jetpack_sharing_enabled":true,"_links":{"self":[{"href":"https:\/\/cambalache.coop.ar\/en\/wp-json\/wp\/v2\/pages\/5256"}],"collection":[{"href":"https:\/\/cambalache.coop.ar\/en\/wp-json\/wp\/v2\/pages"}],"about":[{"href":"https:\/\/cambalache.coop.ar\/en\/wp-json\/wp\/v2\/types\/page"}],"author":[{"embeddable":true,"href":"https:\/\/cambalache.coop.ar\/en\/wp-json\/wp\/v2\/users\/1"}],"replies":[{"embeddable":true,"href":"https:\/\/cambalache.coop.ar\/en\/wp-json\/wp\/v2\/comments?post=5256"}],"version-history":[{"count":3,"href":"https:\/\/cambalache.coop.ar\/en\/wp-json\/wp\/v2\/pages\/5256\/revisions"}],"predecessor-version":[{"id":5317,"href":"https:\/\/cambalache.coop.ar\/en\/wp-json\/wp\/v2\/pages\/5256\/revisions\/5317"}],"wp:attachment":[{"href":"https:\/\/cambalache.coop.ar\/en\/wp-json\/wp\/v2\/media?parent=5256"}],"curies":[{"name":"wp","href":"https:\/\/api.w.org\/{rel}","templated":true}]}}